{"id":543450,"date":"2024-11-10T19:16:29","date_gmt":"2024-11-10T18:16:29","guid":{"rendered":"https:\/\/tilefly.com\/producto\/drach-blue-118x118\/"},"modified":"2024-11-10T19:43:15","modified_gmt":"2024-11-10T18:43:15","slug":"drach-blue-118x118","status":"publish","type":"product","link":"https:\/\/tilefly.com\/fr\/produit\/drach-blue-118x118\/","title":{"rendered":"DRACH BLUE 11,8X11,8"},"content":{"rendered":"<h2><strong>DRACH BLEU 11,8X11,8<\/strong><\/h2><p>Le carrelage bleu moyen Drach Blue pr\u00e9sente un relief circulaire d\u00e9coratif qui ajoute de la texture et du style au design. Sa finition brillante et sa couleur vibrante font de ce carreau un choix id\u00e9al pour les espaces modernes et frais. Parfait pour les salles de bains et les cuisines, son format de 11,8 x 11,8 cm et son motif en relief permettent de cr\u00e9er une atmosph\u00e8re dynamique et pleine de personnalit\u00e9.  <\/p>","protected":false},"excerpt":{"rendered":"<p>DRACH BLEU 11,8X11,8Le carrelage bleu moyen Drach Blue pr\u00e9sente un relief circulaire d\u00e9coratif qui ajoute de la texture et du style au design. Sa finition brillante et sa couleur vibrante font de ce carreau un choix id\u00e9al pour les espaces modernes et frais. Parfait pour les salles de bains et les cuisines, son format de [&hellip;]<\/p>\n","protected":false},"featured_media":542971,"comment_status":"open","ping_status":"closed","template":"","meta":[],"product_brand":[],"product_cat":[355,356,354],"product_tag":[],"class_list":{"0":"post-543450","1":"product","2":"type-product","3":"status-publish","4":"has-post-thumbnail","6":"product_cat-cuisines","7":"product_cat-faiences","8":"product_cat-carrelage-salle-de-bain","10":"first","11":"instock","12":"shipping-taxable","13":"purchasable","14":"product-type-simple"},"_links":{"self":[{"href":"https:\/\/tilefly.com\/fr\/wp-json\/wp\/v2\/product\/543450","targetHints":{"allow":["GET"]}}],"collection":[{"href":"https:\/\/tilefly.com\/fr\/wp-json\/wp\/v2\/product"}],"about":[{"href":"https:\/\/tilefly.com\/fr\/wp-json\/wp\/v2\/types\/product"}],"replies":[{"embeddable":true,"href":"https:\/\/tilefly.com\/fr\/wp-json\/wp\/v2\/comments?post=543450"}],"wp:featuredmedia":[{"embeddable":true,"href":"https:\/\/tilefly.com\/fr\/wp-json\/wp\/v2\/media\/542971"}],"wp:attachment":[{"href":"https:\/\/tilefly.com\/fr\/wp-json\/wp\/v2\/media?parent=543450"}],"wp:term":[{"taxonomy":"product_brand","embeddable":true,"href":"https:\/\/tilefly.com\/fr\/wp-json\/wp\/v2\/product_brand?post=543450"},{"taxonomy":"product_cat","embeddable":true,"href":"https:\/\/tilefly.com\/fr\/wp-json\/wp\/v2\/product_cat?post=543450"},{"taxonomy":"product_tag","embeddable":true,"href":"https:\/\/tilefly.com\/fr\/wp-json\/wp\/v2\/product_tag?post=543450"}],"curies":[{"name":"wp","href":"https:\/\/api.w.org\/{rel}","templated":true}]}}