{"id":543435,"date":"2024-11-10T19:15:10","date_gmt":"2024-11-10T18:15:10","guid":{"rendered":"https:\/\/tilefly.com\/producto\/magnetism-corten-63x25\/"},"modified":"2024-11-10T19:42:20","modified_gmt":"2024-11-10T18:42:20","slug":"magnetism-corten-63x25","status":"publish","type":"product","link":"https:\/\/tilefly.com\/fr\/produit\/magnetism-corten-63x25\/","title":{"rendered":"MAGNETISM CORTEN 6,3X25"},"content":{"rendered":"<h2><strong>MAGN\u00c9TISME CORTEN 6,3X25<\/strong><\/h2><p>Ce bardage brun corten \u00e9voque l&#8217;esth\u00e9tique du m\u00e9tal vieilli avec une chaleur unique. Sa finition mate et m\u00e9tallique lui conf\u00e8re un caract\u00e8re particulier, parfait pour les espaces \u00e0 la recherche d&#8217;un style industriel ou rustique sophistiqu\u00e9. Son format compact vous permet de cr\u00e9er des motifs et des contrastes int\u00e9ressants, apportant une touche de naturel et de sobri\u00e9t\u00e9 avec une essence attrayante et magn\u00e9tique.  <\/p>","protected":false},"excerpt":{"rendered":"<p>MAGN\u00c9TISME CORTEN 6,3X25Ce bardage brun corten \u00e9voque l&#8217;esth\u00e9tique du m\u00e9tal vieilli avec une chaleur unique. Sa finition mate et m\u00e9tallique lui conf\u00e8re un caract\u00e8re particulier, parfait pour les espaces \u00e0 la recherche d&#8217;un style industriel ou rustique sophistiqu\u00e9. Son format compact vous permet de cr\u00e9er des motifs et des contrastes int\u00e9ressants, apportant une touche de [&hellip;]<\/p>\n","protected":false},"featured_media":542711,"comment_status":"open","ping_status":"closed","template":"","meta":[],"product_brand":[],"product_cat":[355,356,354],"product_tag":[],"class_list":{"0":"post-543435","1":"product","2":"type-product","3":"status-publish","4":"has-post-thumbnail","6":"product_cat-cuisines","7":"product_cat-faiences","8":"product_cat-carrelage-salle-de-bain","10":"first","11":"instock","12":"shipping-taxable","13":"purchasable","14":"product-type-simple"},"_links":{"self":[{"href":"https:\/\/tilefly.com\/fr\/wp-json\/wp\/v2\/product\/543435","targetHints":{"allow":["GET"]}}],"collection":[{"href":"https:\/\/tilefly.com\/fr\/wp-json\/wp\/v2\/product"}],"about":[{"href":"https:\/\/tilefly.com\/fr\/wp-json\/wp\/v2\/types\/product"}],"replies":[{"embeddable":true,"href":"https:\/\/tilefly.com\/fr\/wp-json\/wp\/v2\/comments?post=543435"}],"wp:featuredmedia":[{"embeddable":true,"href":"https:\/\/tilefly.com\/fr\/wp-json\/wp\/v2\/media\/542711"}],"wp:attachment":[{"href":"https:\/\/tilefly.com\/fr\/wp-json\/wp\/v2\/media?parent=543435"}],"wp:term":[{"taxonomy":"product_brand","embeddable":true,"href":"https:\/\/tilefly.com\/fr\/wp-json\/wp\/v2\/product_brand?post=543435"},{"taxonomy":"product_cat","embeddable":true,"href":"https:\/\/tilefly.com\/fr\/wp-json\/wp\/v2\/product_cat?post=543435"},{"taxonomy":"product_tag","embeddable":true,"href":"https:\/\/tilefly.com\/fr\/wp-json\/wp\/v2\/product_tag?post=543435"}],"curies":[{"name":"wp","href":"https:\/\/api.w.org\/{rel}","templated":true}]}}