{"id":543425,"date":"2024-11-08T18:18:55","date_gmt":"2024-11-10T18:42:10","guid":{"rendered":"https:\/\/tilefly.com\/producto\/britannic\/"},"modified":"2024-11-10T19:42:10","modified_gmt":"2024-11-10T18:42:10","slug":"britannic","status":"publish","type":"product","link":"https:\/\/tilefly.com\/fr\/produit\/britannic\/","title":{"rendered":"BRITANNIC"},"content":{"rendered":"<h2>S\u00c9RIE BRITTANIQUE<br \/><\/h2><p>Un navire de la famille Titanic, le paquebot Britannic, donne son nom \u00e0 cette collection. Son effet m\u00e9tallique rappelle l&#8217;oxydation produite par l&#8217;eau sur la coque des navires et qui, \u00e0 son tour, marque le passage du temps. L&#8217;une de ses vertus est son dynamisme gr\u00e2ce \u00e0 sa finition polie, qui produit un jeu d&#8217;ombres et de lumi\u00e8res. L&#8217;\u00e9clat de notre collection Britannic donne aux pi\u00e8ces de la luminosit\u00e9 et du mouvement. La collection est compos\u00e9e d&#8217;un d\u00e9cor d&#8217;inspiration tropicale et de couleurs \u00e0 la personnalit\u00e9 particuli\u00e8re en contraste avec l&#8217;effet rouill\u00e9.<\/p>","protected":false},"excerpt":{"rendered":"<p>S\u00c9RIE BRITTANIQUEUn navire de la famille Titanic, le paquebot Britannic, donne son nom \u00e0 cette collection. Son effet m\u00e9tallique rappelle l&#8217;oxydation produite par l&#8217;eau sur la coque des navires et qui, \u00e0 son tour, marque le passage du temps. L&#8217;une de ses vertus est son dynamisme gr\u00e2ce \u00e0 sa finition polie, qui produit un jeu [&hellip;]<\/p>\n","protected":false},"featured_media":542501,"comment_status":"closed","ping_status":"closed","template":"","meta":[],"product_brand":[],"product_cat":[353,355,356,354,357],"product_tag":[],"class_list":{"0":"post-543425","1":"product","2":"type-product","3":"status-publish","4":"has-post-thumbnail","6":"product_cat-carrelage","7":"product_cat-cuisines","8":"product_cat-faiences","9":"product_cat-carrelage-salle-de-bain","10":"product_cat-carrelage-salon","12":"first","13":"instock","14":"shipping-taxable","15":"product-type-grouped"},"_links":{"self":[{"href":"https:\/\/tilefly.com\/fr\/wp-json\/wp\/v2\/product\/543425","targetHints":{"allow":["GET"]}}],"collection":[{"href":"https:\/\/tilefly.com\/fr\/wp-json\/wp\/v2\/product"}],"about":[{"href":"https:\/\/tilefly.com\/fr\/wp-json\/wp\/v2\/types\/product"}],"replies":[{"embeddable":true,"href":"https:\/\/tilefly.com\/fr\/wp-json\/wp\/v2\/comments?post=543425"}],"wp:featuredmedia":[{"embeddable":true,"href":"https:\/\/tilefly.com\/fr\/wp-json\/wp\/v2\/media\/542501"}],"wp:attachment":[{"href":"https:\/\/tilefly.com\/fr\/wp-json\/wp\/v2\/media?parent=543425"}],"wp:term":[{"taxonomy":"product_brand","embeddable":true,"href":"https:\/\/tilefly.com\/fr\/wp-json\/wp\/v2\/product_brand?post=543425"},{"taxonomy":"product_cat","embeddable":true,"href":"https:\/\/tilefly.com\/fr\/wp-json\/wp\/v2\/product_cat?post=543425"},{"taxonomy":"product_tag","embeddable":true,"href":"https:\/\/tilefly.com\/fr\/wp-json\/wp\/v2\/product_tag?post=543425"}],"curies":[{"name":"wp","href":"https:\/\/api.w.org\/{rel}","templated":true}]}}