{"id":543416,"date":"2024-11-08T18:04:33","date_gmt":"2024-11-08T17:04:33","guid":{"rendered":"https:\/\/tilefly.com\/producto\/bulge-grey-124x124\/"},"modified":"2024-11-10T19:41:35","modified_gmt":"2024-11-10T18:41:35","slug":"bulge-grey-124x124","status":"publish","type":"product","link":"https:\/\/tilefly.com\/fr\/produit\/bulge-grey-124x124\/","title":{"rendered":"BULGE GREY 12,4X12,4"},"content":{"rendered":"<h2><strong>BULGE GRIS 12,4X12,4<\/strong><\/h2><p>Dans un gris \u00e9l\u00e9gant, ce carrelage mural d\u00e9cor\u00e9 de petite taille allie la sobri\u00e9t\u00e9 des tons neutres \u00e0 l&#8217;esth\u00e9tique r\u00e9tro des ann\u00e9es 60. Ses volumes arrondis et sa texture d\u00e9corative apportent du mouvement et du style, ce qui le rend id\u00e9al pour ceux qui recherchent un fond neutre avec une touche de nostalgie et de personnalit\u00e9 dans n&#8217;importe quel environnement. <\/p>","protected":false},"excerpt":{"rendered":"<p>BULGE GRIS 12,4X12,4Dans un gris \u00e9l\u00e9gant, ce carrelage mural d\u00e9cor\u00e9 de petite taille allie la sobri\u00e9t\u00e9 des tons neutres \u00e0 l&#8217;esth\u00e9tique r\u00e9tro des ann\u00e9es 60. Ses volumes arrondis et sa texture d\u00e9corative apportent du mouvement et du style, ce qui le rend id\u00e9al pour ceux qui recherchent un fond neutre avec une touche de nostalgie [&hellip;]<\/p>\n","protected":false},"featured_media":542651,"comment_status":"open","ping_status":"closed","template":"","meta":[],"product_brand":[],"product_cat":[355,356,354],"product_tag":[],"class_list":{"0":"post-543416","1":"product","2":"type-product","3":"status-publish","4":"has-post-thumbnail","6":"product_cat-cuisines","7":"product_cat-faiences","8":"product_cat-carrelage-salle-de-bain","10":"first","11":"outofstock","12":"shipping-taxable","13":"purchasable","14":"product-type-simple"},"_links":{"self":[{"href":"https:\/\/tilefly.com\/fr\/wp-json\/wp\/v2\/product\/543416","targetHints":{"allow":["GET"]}}],"collection":[{"href":"https:\/\/tilefly.com\/fr\/wp-json\/wp\/v2\/product"}],"about":[{"href":"https:\/\/tilefly.com\/fr\/wp-json\/wp\/v2\/types\/product"}],"replies":[{"embeddable":true,"href":"https:\/\/tilefly.com\/fr\/wp-json\/wp\/v2\/comments?post=543416"}],"wp:featuredmedia":[{"embeddable":true,"href":"https:\/\/tilefly.com\/fr\/wp-json\/wp\/v2\/media\/542651"}],"wp:attachment":[{"href":"https:\/\/tilefly.com\/fr\/wp-json\/wp\/v2\/media?parent=543416"}],"wp:term":[{"taxonomy":"product_brand","embeddable":true,"href":"https:\/\/tilefly.com\/fr\/wp-json\/wp\/v2\/product_brand?post=543416"},{"taxonomy":"product_cat","embeddable":true,"href":"https:\/\/tilefly.com\/fr\/wp-json\/wp\/v2\/product_cat?post=543416"},{"taxonomy":"product_tag","embeddable":true,"href":"https:\/\/tilefly.com\/fr\/wp-json\/wp\/v2\/product_tag?post=543416"}],"curies":[{"name":"wp","href":"https:\/\/api.w.org\/{rel}","templated":true}]}}