{"id":543410,"date":"2024-11-08T18:04:30","date_gmt":"2024-11-08T17:04:30","guid":{"rendered":"https:\/\/tilefly.com\/producto\/bulge-ocean-124x124\/"},"modified":"2024-11-10T19:41:32","modified_gmt":"2024-11-10T18:41:32","slug":"bulge-ocean-124x124","status":"publish","type":"product","link":"https:\/\/tilefly.com\/fr\/produit\/bulge-ocean-124x124\/","title":{"rendered":"BULGE OCEAN 12,4X12,4"},"content":{"rendered":"<h2><strong>BULGE OCEAN 12,4X12,4<\/strong><\/h2><p>Ce rev\u00eatement mural de format compact, d&#8217;un bleu profond, apporte une personnalit\u00e9 vibrante inspir\u00e9e de la mode des ann\u00e9es 60. Avec son volume arrondi d\u00e9coratif, il cr\u00e9e un effet visuel int\u00e9ressant et \u00e9nergique. Parfait pour apporter une touche de couleur et de style r\u00e9tro, son format permet de cr\u00e9er des motifs uniques qui transforment n&#8217;importe quel espace en un environnement plein de caract\u00e8re.  <\/p>","protected":false},"excerpt":{"rendered":"<p>BULGE OCEAN 12,4X12,4Ce rev\u00eatement mural de format compact, d&#8217;un bleu profond, apporte une personnalit\u00e9 vibrante inspir\u00e9e de la mode des ann\u00e9es 60. Avec son volume arrondi d\u00e9coratif, il cr\u00e9e un effet visuel int\u00e9ressant et \u00e9nergique. Parfait pour apporter une touche de couleur et de style r\u00e9tro, son format permet de cr\u00e9er des motifs uniques qui [&hellip;]<\/p>\n","protected":false},"featured_media":542638,"comment_status":"open","ping_status":"closed","template":"","meta":[],"product_brand":[],"product_cat":[355,356,354],"product_tag":[],"class_list":{"0":"post-543410","1":"product","2":"type-product","3":"status-publish","4":"has-post-thumbnail","6":"product_cat-cuisines","7":"product_cat-faiences","8":"product_cat-carrelage-salle-de-bain","10":"first","11":"outofstock","12":"shipping-taxable","13":"purchasable","14":"product-type-simple"},"_links":{"self":[{"href":"https:\/\/tilefly.com\/fr\/wp-json\/wp\/v2\/product\/543410","targetHints":{"allow":["GET"]}}],"collection":[{"href":"https:\/\/tilefly.com\/fr\/wp-json\/wp\/v2\/product"}],"about":[{"href":"https:\/\/tilefly.com\/fr\/wp-json\/wp\/v2\/types\/product"}],"replies":[{"embeddable":true,"href":"https:\/\/tilefly.com\/fr\/wp-json\/wp\/v2\/comments?post=543410"}],"wp:featuredmedia":[{"embeddable":true,"href":"https:\/\/tilefly.com\/fr\/wp-json\/wp\/v2\/media\/542638"}],"wp:attachment":[{"href":"https:\/\/tilefly.com\/fr\/wp-json\/wp\/v2\/media?parent=543410"}],"wp:term":[{"taxonomy":"product_brand","embeddable":true,"href":"https:\/\/tilefly.com\/fr\/wp-json\/wp\/v2\/product_brand?post=543410"},{"taxonomy":"product_cat","embeddable":true,"href":"https:\/\/tilefly.com\/fr\/wp-json\/wp\/v2\/product_cat?post=543410"},{"taxonomy":"product_tag","embeddable":true,"href":"https:\/\/tilefly.com\/fr\/wp-json\/wp\/v2\/product_tag?post=543410"}],"curies":[{"name":"wp","href":"https:\/\/api.w.org\/{rel}","templated":true}]}}