{"id":543408,"date":"2024-11-08T18:04:18","date_gmt":"2024-11-08T17:04:18","guid":{"rendered":"https:\/\/tilefly.com\/producto\/bulge-white-124x124\/"},"modified":"2024-11-10T19:41:29","modified_gmt":"2024-11-10T18:41:29","slug":"bulge-white-124x124","status":"publish","type":"product","link":"https:\/\/tilefly.com\/fr\/produit\/bulge-white-124x124\/","title":{"rendered":"BULGE WHITE 12,4X12,4"},"content":{"rendered":"<h2><strong>BULGE BLANC 12,4X12,4<\/strong><\/h2><p>Ce carrelage mural blanc d\u00e9cor\u00e9 au format compact est une option polyvalente et lumineuse inspir\u00e9e des ann\u00e9es 1960. Ses volumes arrondis et son design r\u00e9tro ajoutent de la texture et de la profondeur, ce qui le rend id\u00e9al pour cr\u00e9er une atmosph\u00e8re fra\u00eeche et minimaliste. Son format 12,4&#215;12,4 permet des compositions flexibles, offrant un style \u00e9pur\u00e9 et \u00e9l\u00e9gant qui s&#8217;adapte \u00e0 tous les environnements.  <\/p>","protected":false},"excerpt":{"rendered":"<p>BULGE BLANC 12,4X12,4Ce carrelage mural blanc d\u00e9cor\u00e9 au format compact est une option polyvalente et lumineuse inspir\u00e9e des ann\u00e9es 1960. Ses volumes arrondis et son design r\u00e9tro ajoutent de la texture et de la profondeur, ce qui le rend id\u00e9al pour cr\u00e9er une atmosph\u00e8re fra\u00eeche et minimaliste. Son format 12,4&#215;12,4 permet des compositions flexibles, offrant [&hellip;]<\/p>\n","protected":false},"featured_media":542612,"comment_status":"open","ping_status":"closed","template":"","meta":[],"product_brand":[],"product_cat":[355,356,354],"product_tag":[],"class_list":{"0":"post-543408","1":"product","2":"type-product","3":"status-publish","4":"has-post-thumbnail","6":"product_cat-cuisines","7":"product_cat-faiences","8":"product_cat-carrelage-salle-de-bain","10":"first","11":"outofstock","12":"shipping-taxable","13":"purchasable","14":"product-type-simple"},"_links":{"self":[{"href":"https:\/\/tilefly.com\/fr\/wp-json\/wp\/v2\/product\/543408","targetHints":{"allow":["GET"]}}],"collection":[{"href":"https:\/\/tilefly.com\/fr\/wp-json\/wp\/v2\/product"}],"about":[{"href":"https:\/\/tilefly.com\/fr\/wp-json\/wp\/v2\/types\/product"}],"replies":[{"embeddable":true,"href":"https:\/\/tilefly.com\/fr\/wp-json\/wp\/v2\/comments?post=543408"}],"wp:featuredmedia":[{"embeddable":true,"href":"https:\/\/tilefly.com\/fr\/wp-json\/wp\/v2\/media\/542612"}],"wp:attachment":[{"href":"https:\/\/tilefly.com\/fr\/wp-json\/wp\/v2\/media?parent=543408"}],"wp:term":[{"taxonomy":"product_brand","embeddable":true,"href":"https:\/\/tilefly.com\/fr\/wp-json\/wp\/v2\/product_brand?post=543408"},{"taxonomy":"product_cat","embeddable":true,"href":"https:\/\/tilefly.com\/fr\/wp-json\/wp\/v2\/product_cat?post=543408"},{"taxonomy":"product_tag","embeddable":true,"href":"https:\/\/tilefly.com\/fr\/wp-json\/wp\/v2\/product_tag?post=543408"}],"curies":[{"name":"wp","href":"https:\/\/api.w.org\/{rel}","templated":true}]}}