{"id":543396,"date":"2024-11-08T18:03:53","date_gmt":"2024-11-08T17:03:53","guid":{"rendered":"https:\/\/tilefly.com\/producto\/bulge-acqua-75x30\/"},"modified":"2024-11-10T19:41:18","modified_gmt":"2024-11-10T18:41:18","slug":"bulge-acqua-75x30","status":"publish","type":"product","link":"https:\/\/tilefly.com\/fr\/produit\/bulge-acqua-75x30\/","title":{"rendered":"BULGE ACQUA 7,5X30"},"content":{"rendered":"<h2><strong>BULGE ACQUA 7,5X30<\/strong><\/h2><p>Avec un ton aqua doux, ce rev\u00eatement mural apporte une touche de fra\u00eecheur inspir\u00e9e de la mode des ann\u00e9es 60. Son design en volume d\u00e9cor\u00e9 et arrondi apporte une texture unique, id\u00e9ale pour cr\u00e9er des espaces dynamiques et vivants. Sa couleur subtile et rafra\u00eechissante \u00e9voque une esth\u00e9tique r\u00e9tro, parfaite pour ceux qui recherchent une touche d&#8217;originalit\u00e9 et de style vintage dans leur d\u00e9coration.  <\/p>","protected":false},"excerpt":{"rendered":"<p>BULGE ACQUA 7,5X30Avec un ton aqua doux, ce rev\u00eatement mural apporte une touche de fra\u00eecheur inspir\u00e9e de la mode des ann\u00e9es 60. Son design en volume d\u00e9cor\u00e9 et arrondi apporte une texture unique, id\u00e9ale pour cr\u00e9er des espaces dynamiques et vivants. Sa couleur subtile et rafra\u00eechissante \u00e9voque une esth\u00e9tique r\u00e9tro, parfaite pour ceux qui recherchent [&hellip;]<\/p>\n","protected":false},"featured_media":542560,"comment_status":"open","ping_status":"closed","template":"","meta":[],"product_brand":[],"product_cat":[355,356,354],"product_tag":[],"class_list":{"0":"post-543396","1":"product","2":"type-product","3":"status-publish","4":"has-post-thumbnail","6":"product_cat-cuisines","7":"product_cat-faiences","8":"product_cat-carrelage-salle-de-bain","10":"first","11":"instock","12":"shipping-taxable","13":"purchasable","14":"product-type-simple"},"_links":{"self":[{"href":"https:\/\/tilefly.com\/fr\/wp-json\/wp\/v2\/product\/543396","targetHints":{"allow":["GET"]}}],"collection":[{"href":"https:\/\/tilefly.com\/fr\/wp-json\/wp\/v2\/product"}],"about":[{"href":"https:\/\/tilefly.com\/fr\/wp-json\/wp\/v2\/types\/product"}],"replies":[{"embeddable":true,"href":"https:\/\/tilefly.com\/fr\/wp-json\/wp\/v2\/comments?post=543396"}],"wp:featuredmedia":[{"embeddable":true,"href":"https:\/\/tilefly.com\/fr\/wp-json\/wp\/v2\/media\/542560"}],"wp:attachment":[{"href":"https:\/\/tilefly.com\/fr\/wp-json\/wp\/v2\/media?parent=543396"}],"wp:term":[{"taxonomy":"product_brand","embeddable":true,"href":"https:\/\/tilefly.com\/fr\/wp-json\/wp\/v2\/product_brand?post=543396"},{"taxonomy":"product_cat","embeddable":true,"href":"https:\/\/tilefly.com\/fr\/wp-json\/wp\/v2\/product_cat?post=543396"},{"taxonomy":"product_tag","embeddable":true,"href":"https:\/\/tilefly.com\/fr\/wp-json\/wp\/v2\/product_tag?post=543396"}],"curies":[{"name":"wp","href":"https:\/\/api.w.org\/{rel}","templated":true}]}}