{"id":543382,"date":"2024-11-08T18:03:45","date_gmt":"2024-11-08T17:03:45","guid":{"rendered":"https:\/\/tilefly.com\/producto\/britannic-copper-lapatto-rect-60x120\/"},"modified":"2024-11-10T19:40:45","modified_gmt":"2024-11-10T18:40:45","slug":"britannic-copper-lapatto-rect-60x120","status":"publish","type":"product","link":"https:\/\/tilefly.com\/fr\/produit\/britannic-copper-lapatto-rect-60x120\/","title":{"rendered":"BRITANNIC COPPER LAPATTO RECT 60X120"},"content":{"rendered":"<h2><strong>BRITANNIC COPPER LAPATTO RECT 60X120<\/strong><\/h2><p>Dans un ton chaud de brun cuivr\u00e9, ce rev\u00eatement de sol \u00e0 finition lapatto \u00e9voque la richesse et la chaleur des m\u00e9taux oxyd\u00e9s. Sa surface polie ajoute une brillance qui met en valeur les jeux d&#8217;ombre et de lumi\u00e8re, apportant un air de sophistication et de dynamisme. Parfait pour les environnements qui recherchent un contraste entre l&#8217;industriel et le cosy, sa couleur et sa texture \u00e9voquent la beaut\u00e9 des mat\u00e9riaux anciens avec une approche \u00e9l\u00e9gante et moderne.  <\/p>","protected":false},"excerpt":{"rendered":"<p>BRITANNIC COPPER LAPATTO RECT 60X120Dans un ton chaud de brun cuivr\u00e9, ce rev\u00eatement de sol \u00e0 finition lapatto \u00e9voque la richesse et la chaleur des m\u00e9taux oxyd\u00e9s. Sa surface polie ajoute une brillance qui met en valeur les jeux d&#8217;ombre et de lumi\u00e8re, apportant un air de sophistication et de dynamisme. Parfait pour les environnements [&hellip;]<\/p>\n","protected":false},"featured_media":542534,"comment_status":"open","ping_status":"closed","template":"","meta":[],"product_brand":[],"product_cat":[353,355,356,354],"product_tag":[],"class_list":{"0":"post-543382","1":"product","2":"type-product","3":"status-publish","4":"has-post-thumbnail","6":"product_cat-carrelage","7":"product_cat-cuisines","8":"product_cat-faiences","9":"product_cat-carrelage-salle-de-bain","11":"first","12":"outofstock","13":"shipping-taxable","14":"purchasable","15":"product-type-simple"},"_links":{"self":[{"href":"https:\/\/tilefly.com\/fr\/wp-json\/wp\/v2\/product\/543382","targetHints":{"allow":["GET"]}}],"collection":[{"href":"https:\/\/tilefly.com\/fr\/wp-json\/wp\/v2\/product"}],"about":[{"href":"https:\/\/tilefly.com\/fr\/wp-json\/wp\/v2\/types\/product"}],"replies":[{"embeddable":true,"href":"https:\/\/tilefly.com\/fr\/wp-json\/wp\/v2\/comments?post=543382"}],"wp:featuredmedia":[{"embeddable":true,"href":"https:\/\/tilefly.com\/fr\/wp-json\/wp\/v2\/media\/542534"}],"wp:attachment":[{"href":"https:\/\/tilefly.com\/fr\/wp-json\/wp\/v2\/media?parent=543382"}],"wp:term":[{"taxonomy":"product_brand","embeddable":true,"href":"https:\/\/tilefly.com\/fr\/wp-json\/wp\/v2\/product_brand?post=543382"},{"taxonomy":"product_cat","embeddable":true,"href":"https:\/\/tilefly.com\/fr\/wp-json\/wp\/v2\/product_cat?post=543382"},{"taxonomy":"product_tag","embeddable":true,"href":"https:\/\/tilefly.com\/fr\/wp-json\/wp\/v2\/product_tag?post=543382"}],"curies":[{"name":"wp","href":"https:\/\/api.w.org\/{rel}","templated":true}]}}