{"id":543378,"date":"2024-11-08T18:03:11","date_gmt":"2024-11-08T17:03:11","guid":{"rendered":"https:\/\/tilefly.com\/producto\/britannic-lava-lapatto-rect-60x120\/"},"modified":"2024-11-10T19:40:32","modified_gmt":"2024-11-10T18:40:32","slug":"britannic-lava-lapatto-rect-60x120","status":"publish","type":"product","link":"https:\/\/tilefly.com\/fr\/produit\/britannic-lava-lapatto-rect-60x120\/","title":{"rendered":"BRITANNIC LAVA LAPATTO RECT 60X120"},"content":{"rendered":"<h2><strong>BRITANNIC LAVA LAPATTO RECT 60X120<\/strong><\/h2><p>Dans un ton gris profond, ce rev\u00eatement de sol \u00e0 la finition lapatto est un choix \u00e9l\u00e9gant et contemporain. Inspir\u00e9e par les effets du m\u00e9tal rouill\u00e9, sa surface polie refl\u00e8te la lumi\u00e8re avec un \u00e9clat subtil qui ajoute de la profondeur et du mouvement \u00e0 l&#8217;espace. Son esth\u00e9tique moderne et son format g\u00e9n\u00e9reux de 60&#215;120 en font une pi\u00e8ce remarquable pour ceux qui veulent une touche de style industriel sans perdre en sophistication.  <\/p>","protected":false},"excerpt":{"rendered":"<p>BRITANNIC LAVA LAPATTO RECT 60X120Dans un ton gris profond, ce rev\u00eatement de sol \u00e0 la finition lapatto est un choix \u00e9l\u00e9gant et contemporain. Inspir\u00e9e par les effets du m\u00e9tal rouill\u00e9, sa surface polie refl\u00e8te la lumi\u00e8re avec un \u00e9clat subtil qui ajoute de la profondeur et du mouvement \u00e0 l&#8217;espace. Son esth\u00e9tique moderne et son [&hellip;]<\/p>\n","protected":false},"featured_media":542482,"comment_status":"open","ping_status":"closed","template":"","meta":[],"product_brand":[],"product_cat":[353,355,356,354],"product_tag":[],"class_list":{"0":"post-543378","1":"product","2":"type-product","3":"status-publish","4":"has-post-thumbnail","6":"product_cat-carrelage","7":"product_cat-cuisines","8":"product_cat-faiences","9":"product_cat-carrelage-salle-de-bain","11":"first","12":"outofstock","13":"shipping-taxable","14":"purchasable","15":"product-type-simple"},"_links":{"self":[{"href":"https:\/\/tilefly.com\/fr\/wp-json\/wp\/v2\/product\/543378","targetHints":{"allow":["GET"]}}],"collection":[{"href":"https:\/\/tilefly.com\/fr\/wp-json\/wp\/v2\/product"}],"about":[{"href":"https:\/\/tilefly.com\/fr\/wp-json\/wp\/v2\/types\/product"}],"replies":[{"embeddable":true,"href":"https:\/\/tilefly.com\/fr\/wp-json\/wp\/v2\/comments?post=543378"}],"wp:featuredmedia":[{"embeddable":true,"href":"https:\/\/tilefly.com\/fr\/wp-json\/wp\/v2\/media\/542482"}],"wp:attachment":[{"href":"https:\/\/tilefly.com\/fr\/wp-json\/wp\/v2\/media?parent=543378"}],"wp:term":[{"taxonomy":"product_brand","embeddable":true,"href":"https:\/\/tilefly.com\/fr\/wp-json\/wp\/v2\/product_brand?post=543378"},{"taxonomy":"product_cat","embeddable":true,"href":"https:\/\/tilefly.com\/fr\/wp-json\/wp\/v2\/product_cat?post=543378"},{"taxonomy":"product_tag","embeddable":true,"href":"https:\/\/tilefly.com\/fr\/wp-json\/wp\/v2\/product_tag?post=543378"}],"curies":[{"name":"wp","href":"https:\/\/api.w.org\/{rel}","templated":true}]}}