{"id":543372,"date":"2024-11-08T18:03:07","date_gmt":"2024-11-08T17:03:07","guid":{"rendered":"https:\/\/tilefly.com\/producto\/britannic-silver-lapatto-rect-60x120\/"},"modified":"2024-11-10T19:40:29","modified_gmt":"2024-11-10T18:40:29","slug":"britannic-silver-lapatto-rect-60x120","status":"publish","type":"product","link":"https:\/\/tilefly.com\/fr\/produit\/britannic-silver-lapatto-rect-60x120\/","title":{"rendered":"BRITANNIC SILVER LAPATTO RECT 60X120"},"content":{"rendered":"<h2><strong>BRITANNIC SILVER LAPATTO RECT 60X120<\/strong><\/h2><p>Ce gr\u00e8s c\u00e9rame argent\u00e9 avec une finition lapatto capture l&#8217;essence des m\u00e9taux vieillis avec une touche de sophistication. Inspir\u00e9 par l&#8217;oxydation naturelle du temps, son \u00e9clat poli apporte de la luminosit\u00e9 et un effet dynamique, id\u00e9al pour les espaces modernes qui recherchent l&#8217;\u00e9l\u00e9gance et le style industriel. Parfaite pour cr\u00e9er des environnements uniques et pleins de caract\u00e8re, sa couleur argent\u00e9e devient une toile de fond polyvalente qui apporte de la lumi\u00e8re et met en valeur le d\u00e9cor.  <\/p>","protected":false},"excerpt":{"rendered":"<p>BRITANNIC SILVER LAPATTO RECT 60X120Ce gr\u00e8s c\u00e9rame argent\u00e9 avec une finition lapatto capture l&#8217;essence des m\u00e9taux vieillis avec une touche de sophistication. Inspir\u00e9 par l&#8217;oxydation naturelle du temps, son \u00e9clat poli apporte de la luminosit\u00e9 et un effet dynamique, id\u00e9al pour les espaces modernes qui recherchent l&#8217;\u00e9l\u00e9gance et le style industriel. Parfaite pour cr\u00e9er des [&hellip;]<\/p>\n","protected":false},"featured_media":542469,"comment_status":"open","ping_status":"closed","template":"","meta":[],"product_brand":[],"product_cat":[353,355,356,354],"product_tag":[],"class_list":{"0":"post-543372","1":"product","2":"type-product","3":"status-publish","4":"has-post-thumbnail","6":"product_cat-carrelage","7":"product_cat-cuisines","8":"product_cat-faiences","9":"product_cat-carrelage-salle-de-bain","11":"first","12":"instock","13":"shipping-taxable","14":"purchasable","15":"product-type-simple"},"_links":{"self":[{"href":"https:\/\/tilefly.com\/fr\/wp-json\/wp\/v2\/product\/543372","targetHints":{"allow":["GET"]}}],"collection":[{"href":"https:\/\/tilefly.com\/fr\/wp-json\/wp\/v2\/product"}],"about":[{"href":"https:\/\/tilefly.com\/fr\/wp-json\/wp\/v2\/types\/product"}],"replies":[{"embeddable":true,"href":"https:\/\/tilefly.com\/fr\/wp-json\/wp\/v2\/comments?post=543372"}],"wp:featuredmedia":[{"embeddable":true,"href":"https:\/\/tilefly.com\/fr\/wp-json\/wp\/v2\/media\/542469"}],"wp:attachment":[{"href":"https:\/\/tilefly.com\/fr\/wp-json\/wp\/v2\/media?parent=543372"}],"wp:term":[{"taxonomy":"product_brand","embeddable":true,"href":"https:\/\/tilefly.com\/fr\/wp-json\/wp\/v2\/product_brand?post=543372"},{"taxonomy":"product_cat","embeddable":true,"href":"https:\/\/tilefly.com\/fr\/wp-json\/wp\/v2\/product_cat?post=543372"},{"taxonomy":"product_tag","embeddable":true,"href":"https:\/\/tilefly.com\/fr\/wp-json\/wp\/v2\/product_tag?post=543372"}],"curies":[{"name":"wp","href":"https:\/\/api.w.org\/{rel}","templated":true}]}}