{"id":543257,"date":"2024-11-10T19:16:06","date_gmt":"2024-11-10T18:16:06","guid":{"rendered":"https:\/\/tilefly.com\/producto\/manacor-green-118x118\/"},"modified":"2024-11-10T19:36:20","modified_gmt":"2024-11-10T18:36:20","slug":"manacor-green-118x118","status":"publish","type":"product","link":"https:\/\/tilefly.com\/fr\/produit\/manacor-green-118x118\/","title":{"rendered":"MANACOR GREEN 11,8X11,8"},"content":{"rendered":"<h2><strong>MANACOR VERT 11,8X11,8<\/strong><\/h2><p>Le carrelage Manacor Green, dans un ton vert profond, est parfait pour ceux qui souhaitent ajouter une touche naturelle \u00e0 leur d\u00e9cor. Sa finition brillante et sa surface lisse capturent l&#8217;essence de la c\u00e9ramique traditionnelle, tandis que la couleur verte apporte fra\u00eecheur et vitalit\u00e9. Id\u00e9al pour les salles de Bain, les cuisines ou tout espace \u00e0 la recherche d&#8217;un style unique, son format de 11,8&#215;11,8 cm vous permet de cr\u00e9er des motifs accrocheurs lorsqu&#8217;il est associ\u00e9 \u00e0 d&#8217;autres couleurs de la s\u00e9rie Manacor. Ce carrelage mural est une option polyvalente pleine de personnalit\u00e9.   <\/p>","protected":false},"excerpt":{"rendered":"<p>MANACOR VERT 11,8X11,8Le carrelage Manacor Green, dans un ton vert profond, est parfait pour ceux qui souhaitent ajouter une touche naturelle \u00e0 leur d\u00e9cor. Sa finition brillante et sa surface lisse capturent l&#8217;essence de la c\u00e9ramique traditionnelle, tandis que la couleur verte apporte fra\u00eecheur et vitalit\u00e9. Id\u00e9al pour les salles de Bain, les cuisines ou [&hellip;]<\/p>\n","protected":false},"featured_media":542893,"comment_status":"open","ping_status":"closed","template":"","meta":[],"product_brand":[],"product_cat":[355,356,354],"product_tag":[],"class_list":{"0":"post-543257","1":"product","2":"type-product","3":"status-publish","4":"has-post-thumbnail","6":"product_cat-cuisines","7":"product_cat-faiences","8":"product_cat-carrelage-salle-de-bain","10":"first","11":"instock","12":"shipping-taxable","13":"purchasable","14":"product-type-simple"},"_links":{"self":[{"href":"https:\/\/tilefly.com\/fr\/wp-json\/wp\/v2\/product\/543257","targetHints":{"allow":["GET"]}}],"collection":[{"href":"https:\/\/tilefly.com\/fr\/wp-json\/wp\/v2\/product"}],"about":[{"href":"https:\/\/tilefly.com\/fr\/wp-json\/wp\/v2\/types\/product"}],"replies":[{"embeddable":true,"href":"https:\/\/tilefly.com\/fr\/wp-json\/wp\/v2\/comments?post=543257"}],"wp:featuredmedia":[{"embeddable":true,"href":"https:\/\/tilefly.com\/fr\/wp-json\/wp\/v2\/media\/542893"}],"wp:attachment":[{"href":"https:\/\/tilefly.com\/fr\/wp-json\/wp\/v2\/media?parent=543257"}],"wp:term":[{"taxonomy":"product_brand","embeddable":true,"href":"https:\/\/tilefly.com\/fr\/wp-json\/wp\/v2\/product_brand?post=543257"},{"taxonomy":"product_cat","embeddable":true,"href":"https:\/\/tilefly.com\/fr\/wp-json\/wp\/v2\/product_cat?post=543257"},{"taxonomy":"product_tag","embeddable":true,"href":"https:\/\/tilefly.com\/fr\/wp-json\/wp\/v2\/product_tag?post=543257"}],"curies":[{"name":"wp","href":"https:\/\/api.w.org\/{rel}","templated":true}]}}