{"id":543249,"date":"2024-11-10T19:15:57","date_gmt":"2024-11-10T18:15:57","guid":{"rendered":"https:\/\/tilefly.com\/producto\/manacor-night-118x118\/"},"modified":"2024-11-10T19:36:09","modified_gmt":"2024-11-10T18:36:09","slug":"manacor-night-118x118","status":"publish","type":"product","link":"https:\/\/tilefly.com\/fr\/produit\/manacor-night-118x118\/","title":{"rendered":"MANACOR NIGHT 11,8X11,8"},"content":{"rendered":"<h2><strong>MANACOR NUIT 11,8X11,8<\/strong><\/h2><p>Manacor Night pr\u00e9sente un ton noir \u00e9l\u00e9gant avec une finition brillante, id\u00e9al pour ceux qui souhaitent apporter une touche de sophistication et de modernit\u00e9. Cette Fa\u00efence murale de 11,8&#215;11,8 cm se distingue par sa sobri\u00e9t\u00e9 et sa capacit\u00e9 \u00e0 se combiner avec d&#8217;autres couleurs de la s\u00e9rie, cr\u00e9ant ainsi des contrastes uniques. Sa surface lisse et brillante refl\u00e8te la lumi\u00e8re de mani\u00e8re subtile, donnant une impression de profondeur. Parfait pour les salles de bains et les cuisines de style contemporain, ce carreau est une option polyvalente et \u00e9l\u00e9gante, id\u00e9ale pour ceux qui recherchent un design intemporel.   <\/p>","protected":false},"excerpt":{"rendered":"<p>MANACOR NUIT 11,8X11,8Manacor Night pr\u00e9sente un ton noir \u00e9l\u00e9gant avec une finition brillante, id\u00e9al pour ceux qui souhaitent apporter une touche de sophistication et de modernit\u00e9. Cette Fa\u00efence murale de 11,8&#215;11,8 cm se distingue par sa sobri\u00e9t\u00e9 et sa capacit\u00e9 \u00e0 se combiner avec d&#8217;autres couleurs de la s\u00e9rie, cr\u00e9ant ainsi des contrastes uniques. Sa [&hellip;]<\/p>\n","protected":false},"featured_media":542854,"comment_status":"open","ping_status":"closed","template":"","meta":[],"product_brand":[],"product_cat":[355,356,354],"product_tag":[],"class_list":{"0":"post-543249","1":"product","2":"type-product","3":"status-publish","4":"has-post-thumbnail","6":"product_cat-cuisines","7":"product_cat-faiences","8":"product_cat-carrelage-salle-de-bain","10":"first","11":"instock","12":"shipping-taxable","13":"purchasable","14":"product-type-simple"},"_links":{"self":[{"href":"https:\/\/tilefly.com\/fr\/wp-json\/wp\/v2\/product\/543249","targetHints":{"allow":["GET"]}}],"collection":[{"href":"https:\/\/tilefly.com\/fr\/wp-json\/wp\/v2\/product"}],"about":[{"href":"https:\/\/tilefly.com\/fr\/wp-json\/wp\/v2\/types\/product"}],"replies":[{"embeddable":true,"href":"https:\/\/tilefly.com\/fr\/wp-json\/wp\/v2\/comments?post=543249"}],"wp:featuredmedia":[{"embeddable":true,"href":"https:\/\/tilefly.com\/fr\/wp-json\/wp\/v2\/media\/542854"}],"wp:attachment":[{"href":"https:\/\/tilefly.com\/fr\/wp-json\/wp\/v2\/media?parent=543249"}],"wp:term":[{"taxonomy":"product_brand","embeddable":true,"href":"https:\/\/tilefly.com\/fr\/wp-json\/wp\/v2\/product_brand?post=543249"},{"taxonomy":"product_cat","embeddable":true,"href":"https:\/\/tilefly.com\/fr\/wp-json\/wp\/v2\/product_cat?post=543249"},{"taxonomy":"product_tag","embeddable":true,"href":"https:\/\/tilefly.com\/fr\/wp-json\/wp\/v2\/product_tag?post=543249"}],"curies":[{"name":"wp","href":"https:\/\/api.w.org\/{rel}","templated":true}]}}