{"id":543246,"date":"2024-11-10T19:15:46","date_gmt":"2024-11-10T18:15:46","guid":{"rendered":"https:\/\/tilefly.com\/producto\/manacor-navy-118x118\/"},"modified":"2024-11-10T19:36:06","modified_gmt":"2024-11-10T18:36:06","slug":"manacor-navy-118x118","status":"publish","type":"product","link":"https:\/\/tilefly.com\/fr\/produit\/manacor-navy-118x118\/","title":{"rendered":"MANACOR NAVY 11,8X11,8"},"content":{"rendered":"<h2><strong>MANACOR MARINE 11,8X11,8<\/strong><\/h2><p>Manacor Navy est un carrelage bleu marine avec une finition brillante qui capture l&#8217;\u00e9l\u00e9gance et la profondeur des tons sombres. Cette Fa\u00efence de 11,8&#215;11,8 cm ajoute une touche de sophistication \u00e0 tout environnement, avec une surface lisse qui rappelle la c\u00e9ramique traditionnelle. Sa couleur intense est id\u00e9ale pour cr\u00e9er des contrastes dans les espaces neutres ou pour apporter un sentiment de s\u00e9r\u00e9nit\u00e9 et de style aux salles de bains et aux cuisines. Parfaitement combinable avec d&#8217;autres teintes de la s\u00e9rie Manacor, sa finition brillante et la polyvalence de ses motifs vous permettent de concevoir des espaces uniques, pleins de personnalit\u00e9 et de caract\u00e8re.   <\/p>","protected":false},"excerpt":{"rendered":"<p>MANACOR MARINE 11,8X11,8Manacor Navy est un carrelage bleu marine avec une finition brillante qui capture l&#8217;\u00e9l\u00e9gance et la profondeur des tons sombres. Cette Fa\u00efence de 11,8&#215;11,8 cm ajoute une touche de sophistication \u00e0 tout environnement, avec une surface lisse qui rappelle la c\u00e9ramique traditionnelle. Sa couleur intense est id\u00e9ale pour cr\u00e9er des contrastes dans les [&hellip;]<\/p>\n","protected":false},"featured_media":542828,"comment_status":"open","ping_status":"closed","template":"","meta":[],"product_brand":[],"product_cat":[355,356,354],"product_tag":[],"class_list":{"0":"post-543246","1":"product","2":"type-product","3":"status-publish","4":"has-post-thumbnail","6":"product_cat-cuisines","7":"product_cat-faiences","8":"product_cat-carrelage-salle-de-bain","10":"first","11":"instock","12":"shipping-taxable","13":"purchasable","14":"product-type-simple"},"_links":{"self":[{"href":"https:\/\/tilefly.com\/fr\/wp-json\/wp\/v2\/product\/543246","targetHints":{"allow":["GET"]}}],"collection":[{"href":"https:\/\/tilefly.com\/fr\/wp-json\/wp\/v2\/product"}],"about":[{"href":"https:\/\/tilefly.com\/fr\/wp-json\/wp\/v2\/types\/product"}],"replies":[{"embeddable":true,"href":"https:\/\/tilefly.com\/fr\/wp-json\/wp\/v2\/comments?post=543246"}],"wp:featuredmedia":[{"embeddable":true,"href":"https:\/\/tilefly.com\/fr\/wp-json\/wp\/v2\/media\/542828"}],"wp:attachment":[{"href":"https:\/\/tilefly.com\/fr\/wp-json\/wp\/v2\/media?parent=543246"}],"wp:term":[{"taxonomy":"product_brand","embeddable":true,"href":"https:\/\/tilefly.com\/fr\/wp-json\/wp\/v2\/product_brand?post=543246"},{"taxonomy":"product_cat","embeddable":true,"href":"https:\/\/tilefly.com\/fr\/wp-json\/wp\/v2\/product_cat?post=543246"},{"taxonomy":"product_tag","embeddable":true,"href":"https:\/\/tilefly.com\/fr\/wp-json\/wp\/v2\/product_tag?post=543246"}],"curies":[{"name":"wp","href":"https:\/\/api.w.org\/{rel}","templated":true}]}}