{"id":543235,"date":"2024-11-10T19:15:40","date_gmt":"2024-11-10T18:15:40","guid":{"rendered":"https:\/\/tilefly.com\/producto\/hexa-magnetism-blue-139x16\/"},"modified":"2024-11-10T19:35:56","modified_gmt":"2024-11-10T18:35:56","slug":"hexa-magnetism-blue-139x16","status":"publish","type":"product","link":"https:\/\/tilefly.com\/fr\/produit\/hexa-magnetism-blue-139x16\/","title":{"rendered":"HEXA MAGNETISM BLUE 13,9X16"},"content":{"rendered":"<h2><strong>HEXA MAGN\u00c9TISME BLEU 13,9X16<\/strong><\/h2><p>Ce rev\u00eatement de sol bleu m\u00e9tallique est une option \u00e9l\u00e9gante et moderne. Sa finition mate et sa surface antid\u00e9rapante offrent une s\u00e9curit\u00e9 sans compromis sur le style. Inspir\u00e9 par l&#8217;attrait des m\u00e9taux, son design hexagonal vous permet de cr\u00e9er des motifs dynamiques pleins de personnalit\u00e9, id\u00e9aux pour ceux qui souhaitent une ambiance unique avec une touche de couleur sophistiqu\u00e9e.  <\/p>","protected":false},"excerpt":{"rendered":"<p>HEXA MAGN\u00c9TISME BLEU 13,9X16Ce rev\u00eatement de sol bleu m\u00e9tallique est une option \u00e9l\u00e9gante et moderne. Sa finition mate et sa surface antid\u00e9rapante offrent une s\u00e9curit\u00e9 sans compromis sur le style. Inspir\u00e9 par l&#8217;attrait des m\u00e9taux, son design hexagonal vous permet de cr\u00e9er des motifs dynamiques pleins de personnalit\u00e9, id\u00e9aux pour ceux qui souhaitent une ambiance [&hellip;]<\/p>\n","protected":false},"featured_media":542802,"comment_status":"open","ping_status":"closed","template":"","meta":[],"product_brand":[],"product_cat":[353,355,356,354],"product_tag":[],"class_list":{"0":"post-543235","1":"product","2":"type-product","3":"status-publish","4":"has-post-thumbnail","6":"product_cat-carrelage","7":"product_cat-cuisines","8":"product_cat-faiences","9":"product_cat-carrelage-salle-de-bain","11":"first","12":"instock","13":"shipping-taxable","14":"purchasable","15":"product-type-simple"},"_links":{"self":[{"href":"https:\/\/tilefly.com\/fr\/wp-json\/wp\/v2\/product\/543235","targetHints":{"allow":["GET"]}}],"collection":[{"href":"https:\/\/tilefly.com\/fr\/wp-json\/wp\/v2\/product"}],"about":[{"href":"https:\/\/tilefly.com\/fr\/wp-json\/wp\/v2\/types\/product"}],"replies":[{"embeddable":true,"href":"https:\/\/tilefly.com\/fr\/wp-json\/wp\/v2\/comments?post=543235"}],"wp:featuredmedia":[{"embeddable":true,"href":"https:\/\/tilefly.com\/fr\/wp-json\/wp\/v2\/media\/542802"}],"wp:attachment":[{"href":"https:\/\/tilefly.com\/fr\/wp-json\/wp\/v2\/media?parent=543235"}],"wp:term":[{"taxonomy":"product_brand","embeddable":true,"href":"https:\/\/tilefly.com\/fr\/wp-json\/wp\/v2\/product_brand?post=543235"},{"taxonomy":"product_cat","embeddable":true,"href":"https:\/\/tilefly.com\/fr\/wp-json\/wp\/v2\/product_cat?post=543235"},{"taxonomy":"product_tag","embeddable":true,"href":"https:\/\/tilefly.com\/fr\/wp-json\/wp\/v2\/product_tag?post=543235"}],"curies":[{"name":"wp","href":"https:\/\/api.w.org\/{rel}","templated":true}]}}