{"id":543233,"date":"2024-11-10T19:15:30","date_gmt":"2024-11-10T18:15:30","guid":{"rendered":"https:\/\/tilefly.com\/producto\/hexa-magnetism-corten-139x16\/"},"modified":"2024-11-10T19:35:54","modified_gmt":"2024-11-10T18:35:54","slug":"hexa-magnetism-corten-139x16","status":"publish","type":"product","link":"https:\/\/tilefly.com\/fr\/produit\/hexa-magnetism-corten-139x16\/","title":{"rendered":"HEXA MAGNETISM CORTEN 13,9X16"},"content":{"rendered":"<h2><strong>HEXA MAGNETISME CORTEN 13,9X16<\/strong><\/h2><p>Ce rev\u00eatement de sol en corten brun offre un aspect robuste et sophistiqu\u00e9. Sa finition m\u00e9tallique et antid\u00e9rapante le rend id\u00e9al pour les espaces rustiques et modernes \u00e0 la recherche d&#8217;une touche industrielle. La forme hexagonale et la couleur chaude cr\u00e9ent une atmosph\u00e8re cosy et \u00e9l\u00e9gante, parfaite pour ceux qui souhaitent une d\u00e9coration inspir\u00e9e par des mat\u00e9riaux naturels et vieillis avec une esth\u00e9tique moderne.  <\/p>","protected":false},"excerpt":{"rendered":"<p>HEXA MAGNETISME CORTEN 13,9X16Ce rev\u00eatement de sol en corten brun offre un aspect robuste et sophistiqu\u00e9. Sa finition m\u00e9tallique et antid\u00e9rapante le rend id\u00e9al pour les espaces rustiques et modernes \u00e0 la recherche d&#8217;une touche industrielle. La forme hexagonale et la couleur chaude cr\u00e9ent une atmosph\u00e8re cosy et \u00e9l\u00e9gante, parfaite pour ceux qui souhaitent une [&hellip;]<\/p>\n","protected":false},"featured_media":542776,"comment_status":"open","ping_status":"closed","template":"","meta":[],"product_brand":[],"product_cat":[353,355,356,354],"product_tag":[],"class_list":{"0":"post-543233","1":"product","2":"type-product","3":"status-publish","4":"has-post-thumbnail","6":"product_cat-carrelage","7":"product_cat-cuisines","8":"product_cat-faiences","9":"product_cat-carrelage-salle-de-bain","11":"first","12":"instock","13":"shipping-taxable","14":"purchasable","15":"product-type-simple"},"_links":{"self":[{"href":"https:\/\/tilefly.com\/fr\/wp-json\/wp\/v2\/product\/543233","targetHints":{"allow":["GET"]}}],"collection":[{"href":"https:\/\/tilefly.com\/fr\/wp-json\/wp\/v2\/product"}],"about":[{"href":"https:\/\/tilefly.com\/fr\/wp-json\/wp\/v2\/types\/product"}],"replies":[{"embeddable":true,"href":"https:\/\/tilefly.com\/fr\/wp-json\/wp\/v2\/comments?post=543233"}],"wp:featuredmedia":[{"embeddable":true,"href":"https:\/\/tilefly.com\/fr\/wp-json\/wp\/v2\/media\/542776"}],"wp:attachment":[{"href":"https:\/\/tilefly.com\/fr\/wp-json\/wp\/v2\/media?parent=543233"}],"wp:term":[{"taxonomy":"product_brand","embeddable":true,"href":"https:\/\/tilefly.com\/fr\/wp-json\/wp\/v2\/product_brand?post=543233"},{"taxonomy":"product_cat","embeddable":true,"href":"https:\/\/tilefly.com\/fr\/wp-json\/wp\/v2\/product_cat?post=543233"},{"taxonomy":"product_tag","embeddable":true,"href":"https:\/\/tilefly.com\/fr\/wp-json\/wp\/v2\/product_tag?post=543233"}],"curies":[{"name":"wp","href":"https:\/\/api.w.org\/{rel}","templated":true}]}}