{"id":543225,"date":"2024-11-10T19:15:20","date_gmt":"2024-11-10T18:15:20","guid":{"rendered":"https:\/\/tilefly.com\/producto\/magnetism-blue-63x25\/"},"modified":"2024-11-10T19:35:48","modified_gmt":"2024-11-10T18:35:48","slug":"magnetism-blue-63x25","status":"publish","type":"product","link":"https:\/\/tilefly.com\/fr\/produit\/magnetism-blue-63x25\/","title":{"rendered":"MAGNETISM BLUE 6,3X25"},"content":{"rendered":"<h2><strong>MAGN\u00c9TISME BLEU 6,3X25<\/strong><\/h2><p>D&#8217;une \u00e9l\u00e9gante tonalit\u00e9 bleue, cette Fa\u00efence m\u00e9tallique mate se distingue par son caract\u00e8re serein et moderne. Inspir\u00e9s par le charme du m\u00e9tal, sa couleur et sa finition captent la lumi\u00e8re de mani\u00e8re douce, cr\u00e9ant un effet visuel int\u00e9ressant et nuanc\u00e9. Parfait pour ceux qui recherchent un design attrayant et original, ce format compact est id\u00e9al pour donner de la profondeur et de la personnalit\u00e9 \u00e0 n&#8217;importe quel espace.  <\/p>","protected":false},"excerpt":{"rendered":"<p>MAGN\u00c9TISME BLEU 6,3X25D&#8217;une \u00e9l\u00e9gante tonalit\u00e9 bleue, cette Fa\u00efence m\u00e9tallique mate se distingue par son caract\u00e8re serein et moderne. Inspir\u00e9s par le charme du m\u00e9tal, sa couleur et sa finition captent la lumi\u00e8re de mani\u00e8re douce, cr\u00e9ant un effet visuel int\u00e9ressant et nuanc\u00e9. Parfait pour ceux qui recherchent un design attrayant et original, ce format compact [&hellip;]<\/p>\n","protected":false},"featured_media":542737,"comment_status":"open","ping_status":"closed","template":"","meta":[],"product_brand":[],"product_cat":[355,356,354],"product_tag":[],"class_list":{"0":"post-543225","1":"product","2":"type-product","3":"status-publish","4":"has-post-thumbnail","6":"product_cat-cuisines","7":"product_cat-faiences","8":"product_cat-carrelage-salle-de-bain","10":"first","11":"instock","12":"shipping-taxable","13":"purchasable","14":"product-type-simple"},"_links":{"self":[{"href":"https:\/\/tilefly.com\/fr\/wp-json\/wp\/v2\/product\/543225","targetHints":{"allow":["GET"]}}],"collection":[{"href":"https:\/\/tilefly.com\/fr\/wp-json\/wp\/v2\/product"}],"about":[{"href":"https:\/\/tilefly.com\/fr\/wp-json\/wp\/v2\/types\/product"}],"replies":[{"embeddable":true,"href":"https:\/\/tilefly.com\/fr\/wp-json\/wp\/v2\/comments?post=543225"}],"wp:featuredmedia":[{"embeddable":true,"href":"https:\/\/tilefly.com\/fr\/wp-json\/wp\/v2\/media\/542737"}],"wp:attachment":[{"href":"https:\/\/tilefly.com\/fr\/wp-json\/wp\/v2\/media?parent=543225"}],"wp:term":[{"taxonomy":"product_brand","embeddable":true,"href":"https:\/\/tilefly.com\/fr\/wp-json\/wp\/v2\/product_brand?post=543225"},{"taxonomy":"product_cat","embeddable":true,"href":"https:\/\/tilefly.com\/fr\/wp-json\/wp\/v2\/product_cat?post=543225"},{"taxonomy":"product_tag","embeddable":true,"href":"https:\/\/tilefly.com\/fr\/wp-json\/wp\/v2\/product_tag?post=543225"}],"curies":[{"name":"wp","href":"https:\/\/api.w.org\/{rel}","templated":true}]}}