{"id":543220,"date":"2024-11-10T19:15:23","date_gmt":"2024-11-10T18:15:23","guid":{"rendered":"https:\/\/tilefly.com\/producto\/hexa-magnetism-white-139x16\/"},"modified":"2024-11-10T19:35:45","modified_gmt":"2024-11-10T18:35:45","slug":"hexa-magnetism-white-139x16","status":"publish","type":"product","link":"https:\/\/tilefly.com\/fr\/produit\/hexa-magnetism-white-139x16\/","title":{"rendered":"HEXA MAGNETISM WHITE 13,9X16"},"content":{"rendered":"<h2><strong>HEXA MAGN\u00c9TISME BLANC 13,9X16<\/strong><\/h2><p>Ce sol hexagonal blanc mat allie la sophistication de l&#8217;effet m\u00e9tallique \u00e0 une surface antid\u00e9rapante, id\u00e9ale pour les zones \u00e0 fort trafic. Son design g\u00e9om\u00e9trique et sa finition m\u00e9tallique apportent luminosit\u00e9 et modernit\u00e9, cr\u00e9ant un environnement attrayant et s\u00fbr. Inspir\u00e9 du style industriel, son format hexagonal en fait une option polyvalente et \u00e9l\u00e9gante pour tout projet de d\u00e9coration.  <\/p>","protected":false},"excerpt":{"rendered":"<p>HEXA MAGN\u00c9TISME BLANC 13,9X16Ce sol hexagonal blanc mat allie la sophistication de l&#8217;effet m\u00e9tallique \u00e0 une surface antid\u00e9rapante, id\u00e9ale pour les zones \u00e0 fort trafic. Son design g\u00e9om\u00e9trique et sa finition m\u00e9tallique apportent luminosit\u00e9 et modernit\u00e9, cr\u00e9ant un environnement attrayant et s\u00fbr. Inspir\u00e9 du style industriel, son format hexagonal en fait une option polyvalente et [&hellip;]<\/p>\n","protected":false},"featured_media":542750,"comment_status":"open","ping_status":"closed","template":"","meta":[],"product_brand":[],"product_cat":[353,355,356,354],"product_tag":[],"class_list":{"0":"post-543220","1":"product","2":"type-product","3":"status-publish","4":"has-post-thumbnail","6":"product_cat-carrelage","7":"product_cat-cuisines","8":"product_cat-faiences","9":"product_cat-carrelage-salle-de-bain","11":"first","12":"instock","13":"shipping-taxable","14":"purchasable","15":"product-type-simple"},"_links":{"self":[{"href":"https:\/\/tilefly.com\/fr\/wp-json\/wp\/v2\/product\/543220","targetHints":{"allow":["GET"]}}],"collection":[{"href":"https:\/\/tilefly.com\/fr\/wp-json\/wp\/v2\/product"}],"about":[{"href":"https:\/\/tilefly.com\/fr\/wp-json\/wp\/v2\/types\/product"}],"replies":[{"embeddable":true,"href":"https:\/\/tilefly.com\/fr\/wp-json\/wp\/v2\/comments?post=543220"}],"wp:featuredmedia":[{"embeddable":true,"href":"https:\/\/tilefly.com\/fr\/wp-json\/wp\/v2\/media\/542750"}],"wp:attachment":[{"href":"https:\/\/tilefly.com\/fr\/wp-json\/wp\/v2\/media?parent=543220"}],"wp:term":[{"taxonomy":"product_brand","embeddable":true,"href":"https:\/\/tilefly.com\/fr\/wp-json\/wp\/v2\/product_brand?post=543220"},{"taxonomy":"product_cat","embeddable":true,"href":"https:\/\/tilefly.com\/fr\/wp-json\/wp\/v2\/product_cat?post=543220"},{"taxonomy":"product_tag","embeddable":true,"href":"https:\/\/tilefly.com\/fr\/wp-json\/wp\/v2\/product_tag?post=543220"}],"curies":[{"name":"wp","href":"https:\/\/api.w.org\/{rel}","templated":true}]}}