{"id":539509,"date":"2019-09-13T14:07:12","date_gmt":"2024-10-23T14:51:14","guid":{"rendered":"https:\/\/tilefly.com\/producto\/hexagon-vintage-beige-175x202\/"},"modified":"2024-10-23T16:51:14","modified_gmt":"2024-10-23T14:51:14","slug":"hexagon-vintage-beige-175x202","status":"publish","type":"product","link":"https:\/\/tilefly.com\/fr\/produit\/hexagon-vintage-beige-175x202\/","title":{"rendered":"HEXAGON VINTAGE BEIGE 17,5X20,2"},"content":{"rendered":"<h1><strong>HEXAGON VINTAGE BEIGE Carreaux en p\u00e2te blanche 17,5X20,2<\/strong><\/h1><p>Ce carreau en p\u00e2te blanche au format 17,5X20,2 cm, finition brillante et couleur marron est parfait pour votre int\u00e9rieur. Son mat\u00e9riau de fabrication est la p\u00e2te blanche.<\/p><p>Particularit\u00e9s : D\u00e9cor\u00e9, Hexagones<\/p>","protected":false},"excerpt":{"rendered":"<p>HEXAGON VINTAGE BEIGE Carreaux en p\u00e2te blanche 17,5X20,2Ce carreau en p\u00e2te blanche au format 17,5X20,2 cm, finition brillante et couleur marron est parfait pour votre int\u00e9rieur. Son mat\u00e9riau de fabrication est la p\u00e2te blanche.Particularit\u00e9s : D\u00e9cor\u00e9, Hexagones<\/p>\n","protected":false},"featured_media":539512,"comment_status":"closed","ping_status":"closed","template":"","meta":[],"product_brand":[],"product_cat":[355,356,354,357],"product_tag":[],"class_list":{"0":"post-539509","1":"product","2":"type-product","3":"status-publish","4":"has-post-thumbnail","6":"product_cat-cuisines","7":"product_cat-faiences","8":"product_cat-carrelage-salle-de-bain","9":"product_cat-carrelage-salon","11":"first","12":"outofstock","13":"shipping-taxable","14":"purchasable","15":"product-type-simple"},"_links":{"self":[{"href":"https:\/\/tilefly.com\/fr\/wp-json\/wp\/v2\/product\/539509","targetHints":{"allow":["GET"]}}],"collection":[{"href":"https:\/\/tilefly.com\/fr\/wp-json\/wp\/v2\/product"}],"about":[{"href":"https:\/\/tilefly.com\/fr\/wp-json\/wp\/v2\/types\/product"}],"replies":[{"embeddable":true,"href":"https:\/\/tilefly.com\/fr\/wp-json\/wp\/v2\/comments?post=539509"}],"wp:featuredmedia":[{"embeddable":true,"href":"https:\/\/tilefly.com\/fr\/wp-json\/wp\/v2\/media\/539512"}],"wp:attachment":[{"href":"https:\/\/tilefly.com\/fr\/wp-json\/wp\/v2\/media?parent=539509"}],"wp:term":[{"taxonomy":"product_brand","embeddable":true,"href":"https:\/\/tilefly.com\/fr\/wp-json\/wp\/v2\/product_brand?post=539509"},{"taxonomy":"product_cat","embeddable":true,"href":"https:\/\/tilefly.com\/fr\/wp-json\/wp\/v2\/product_cat?post=539509"},{"taxonomy":"product_tag","embeddable":true,"href":"https:\/\/tilefly.com\/fr\/wp-json\/wp\/v2\/product_tag?post=539509"}],"curies":[{"name":"wp","href":"https:\/\/api.w.org\/{rel}","templated":true}]}}