{"id":539505,"date":"2019-09-13T12:42:47","date_gmt":"2019-09-13T10:42:47","guid":{"rendered":"https:\/\/tilefly.com\/producto\/hexawork-b-taupe-21x182\/"},"modified":"2024-10-23T16:51:06","modified_gmt":"2024-10-23T14:51:06","slug":"hexawork-b-taupe-21x182","status":"publish","type":"product","link":"https:\/\/tilefly.com\/fr\/produit\/hexawork-b-taupe-21x182\/","title":{"rendered":"HEXAWORK B TAUPE 21X18,2"},"content":{"rendered":"<h1><strong>Carreaux en gr\u00e8s c\u00e9rame HEXAWORK B TAUPE 21X18,2<\/strong><\/h1><p>Ce carreau en gr\u00e8s c\u00e9rame au format cm, de finition mate et de couleur gris, marron est parfait pour votre int\u00e9rieur.<br \/>Son mat\u00e9riau de fabrication est la gr\u00e8s c\u00e9rame. <\/p><p>Particularit\u00e9s : Hexagones, Imitation ciment, P\u00e2te color\u00e9e<\/p>","protected":false},"excerpt":{"rendered":"<p>Carreaux en gr\u00e8s c\u00e9rame HEXAWORK B TAUPE 21X18,2Ce carreau en gr\u00e8s c\u00e9rame au format cm, de finition mate et de couleur gris, marron est parfait pour votre int\u00e9rieur.Son mat\u00e9riau de fabrication est la gr\u00e8s c\u00e9rame. Particularit\u00e9s : Hexagones, Imitation ciment, P\u00e2te color\u00e9e<\/p>\n","protected":false},"featured_media":63083,"comment_status":"closed","ping_status":"closed","template":"","meta":[],"product_brand":[],"product_cat":[358],"product_tag":[],"class_list":{"0":"post-539505","1":"product","2":"type-product","3":"status-publish","4":"has-post-thumbnail","6":"product_cat-non-categorise","8":"first","9":"instock","10":"shipping-taxable","11":"purchasable","12":"product-type-simple"},"_links":{"self":[{"href":"https:\/\/tilefly.com\/fr\/wp-json\/wp\/v2\/product\/539505","targetHints":{"allow":["GET"]}}],"collection":[{"href":"https:\/\/tilefly.com\/fr\/wp-json\/wp\/v2\/product"}],"about":[{"href":"https:\/\/tilefly.com\/fr\/wp-json\/wp\/v2\/types\/product"}],"replies":[{"embeddable":true,"href":"https:\/\/tilefly.com\/fr\/wp-json\/wp\/v2\/comments?post=539505"}],"wp:featuredmedia":[{"embeddable":true,"href":"https:\/\/tilefly.com\/fr\/wp-json\/wp\/v2\/media\/63083"}],"wp:attachment":[{"href":"https:\/\/tilefly.com\/fr\/wp-json\/wp\/v2\/media?parent=539505"}],"wp:term":[{"taxonomy":"product_brand","embeddable":true,"href":"https:\/\/tilefly.com\/fr\/wp-json\/wp\/v2\/product_brand?post=539505"},{"taxonomy":"product_cat","embeddable":true,"href":"https:\/\/tilefly.com\/fr\/wp-json\/wp\/v2\/product_cat?post=539505"},{"taxonomy":"product_tag","embeddable":true,"href":"https:\/\/tilefly.com\/fr\/wp-json\/wp\/v2\/product_tag?post=539505"}],"curies":[{"name":"wp","href":"https:\/\/api.w.org\/{rel}","templated":true}]}}