{"id":539487,"date":"2019-09-13T12:36:03","date_gmt":"2024-10-23T14:50:24","guid":{"rendered":"https:\/\/tilefly.com\/producto\/hexawork-b-cenere-21x182\/"},"modified":"2024-10-23T16:50:24","modified_gmt":"2024-10-23T14:50:24","slug":"hexawork-b-cenere-21x182","status":"publish","type":"product","link":"https:\/\/tilefly.com\/fr\/produit\/hexawork-b-cenere-21x182\/","title":{"rendered":"HEXAWORK B CENERE 21X18,2"},"content":{"rendered":"<h1><strong>Gr\u00e8s c\u00e9rame HEXAWORK B CENERE 21X18,2<\/strong><\/h1><p>Ce carreau en gr\u00e8s c\u00e9rame de format cm, de finition mate et de couleur grise est parfait pour votre int\u00e9rieur.<br \/>Son mat\u00e9riau de fabrication est la gr\u00e8s c\u00e9rame. <\/p><p>Particularit\u00e9s : Hexagones, Imitation ciment, P\u00e2te color\u00e9e<\/p>","protected":false},"excerpt":{"rendered":"<p>Gr\u00e8s c\u00e9rame HEXAWORK B CENERE 21X18,2Ce carreau en gr\u00e8s c\u00e9rame de format cm, de finition mate et de couleur grise est parfait pour votre int\u00e9rieur.Son mat\u00e9riau de fabrication est la gr\u00e8s c\u00e9rame. Particularit\u00e9s : Hexagones, Imitation ciment, P\u00e2te color\u00e9e<\/p>\n","protected":false},"featured_media":63079,"comment_status":"closed","ping_status":"closed","template":"","meta":[],"product_brand":[],"product_cat":[353,355,356,354,357],"product_tag":[],"class_list":{"0":"post-539487","1":"product","2":"type-product","3":"status-publish","4":"has-post-thumbnail","6":"product_cat-carrelage","7":"product_cat-cuisines","8":"product_cat-faiences","9":"product_cat-carrelage-salle-de-bain","10":"product_cat-carrelage-salon","12":"first","13":"outofstock","14":"shipping-taxable","15":"purchasable","16":"product-type-simple"},"_links":{"self":[{"href":"https:\/\/tilefly.com\/fr\/wp-json\/wp\/v2\/product\/539487","targetHints":{"allow":["GET"]}}],"collection":[{"href":"https:\/\/tilefly.com\/fr\/wp-json\/wp\/v2\/product"}],"about":[{"href":"https:\/\/tilefly.com\/fr\/wp-json\/wp\/v2\/types\/product"}],"replies":[{"embeddable":true,"href":"https:\/\/tilefly.com\/fr\/wp-json\/wp\/v2\/comments?post=539487"}],"wp:featuredmedia":[{"embeddable":true,"href":"https:\/\/tilefly.com\/fr\/wp-json\/wp\/v2\/media\/63079"}],"wp:attachment":[{"href":"https:\/\/tilefly.com\/fr\/wp-json\/wp\/v2\/media?parent=539487"}],"wp:term":[{"taxonomy":"product_brand","embeddable":true,"href":"https:\/\/tilefly.com\/fr\/wp-json\/wp\/v2\/product_brand?post=539487"},{"taxonomy":"product_cat","embeddable":true,"href":"https:\/\/tilefly.com\/fr\/wp-json\/wp\/v2\/product_cat?post=539487"},{"taxonomy":"product_tag","embeddable":true,"href":"https:\/\/tilefly.com\/fr\/wp-json\/wp\/v2\/product_tag?post=539487"}],"curies":[{"name":"wp","href":"https:\/\/api.w.org\/{rel}","templated":true}]}}