{"id":539411,"date":"2022-02-16T12:30:10","date_gmt":"2024-10-23T14:07:45","guid":{"rendered":"https:\/\/tilefly.com\/producto\/terrazo-215x25\/"},"modified":"2024-10-23T16:07:45","modified_gmt":"2024-10-23T14:07:45","slug":"terrazo-215x25","status":"publish","type":"product","link":"https:\/\/tilefly.com\/fr\/produit\/terrazo-215x25\/","title":{"rendered":"TERRAZO 21,5&#215;25"},"content":{"rendered":"<p>Carreaux d\u00e9coratifs hexagonaux, format 21,5x25cm, con\u00e7us sur une base blanche avec des taches color\u00e9es rappelant le terrazzo traditionnel. TERRAZO est une fantastique d\u00e9coration hexagonale qui compl\u00e8te CHICAGO, qui utilise les couleurs de la s\u00e9rie pour cr\u00e9er un carreau inspir\u00e9 du terrazzo traditionnel mais avec une touche urbaine et color\u00e9e. Certaines teintes ont une finition brillante qui donne plus de dynamisme \u00e0 la pi\u00e8ce.<\/p>","protected":false},"excerpt":{"rendered":"<p>Carreaux d\u00e9coratifs hexagonaux, format 21,5x25cm, con\u00e7us sur une base blanche avec des taches color\u00e9es rappelant le terrazzo traditionnel. TERRAZO est une fantastique d\u00e9coration hexagonale qui compl\u00e8te CHICAGO, qui utilise les couleurs de la s\u00e9rie pour cr\u00e9er un carreau inspir\u00e9 du terrazzo traditionnel mais avec une touche urbaine et color\u00e9e. Certaines teintes ont une finition brillante [&hellip;]<\/p>\n","protected":false},"featured_media":514107,"comment_status":"closed","ping_status":"closed","template":"","meta":[],"product_brand":[],"product_cat":[353,355,356,354,357],"product_tag":[],"class_list":{"0":"post-539411","1":"product","2":"type-product","3":"status-publish","4":"has-post-thumbnail","6":"product_cat-carrelage","7":"product_cat-cuisines","8":"product_cat-faiences","9":"product_cat-carrelage-salle-de-bain","10":"product_cat-carrelage-salon","12":"first","13":"instock","14":"shipping-taxable","15":"purchasable","16":"product-type-simple"},"_links":{"self":[{"href":"https:\/\/tilefly.com\/fr\/wp-json\/wp\/v2\/product\/539411","targetHints":{"allow":["GET"]}}],"collection":[{"href":"https:\/\/tilefly.com\/fr\/wp-json\/wp\/v2\/product"}],"about":[{"href":"https:\/\/tilefly.com\/fr\/wp-json\/wp\/v2\/types\/product"}],"replies":[{"embeddable":true,"href":"https:\/\/tilefly.com\/fr\/wp-json\/wp\/v2\/comments?post=539411"}],"wp:featuredmedia":[{"embeddable":true,"href":"https:\/\/tilefly.com\/fr\/wp-json\/wp\/v2\/media\/514107"}],"wp:attachment":[{"href":"https:\/\/tilefly.com\/fr\/wp-json\/wp\/v2\/media?parent=539411"}],"wp:term":[{"taxonomy":"product_brand","embeddable":true,"href":"https:\/\/tilefly.com\/fr\/wp-json\/wp\/v2\/product_brand?post=539411"},{"taxonomy":"product_cat","embeddable":true,"href":"https:\/\/tilefly.com\/fr\/wp-json\/wp\/v2\/product_cat?post=539411"},{"taxonomy":"product_tag","embeddable":true,"href":"https:\/\/tilefly.com\/fr\/wp-json\/wp\/v2\/product_tag?post=539411"}],"curies":[{"name":"wp","href":"https:\/\/api.w.org\/{rel}","templated":true}]}}