{"id":539394,"date":"2020-10-16T07:46:07","date_gmt":"2024-10-23T14:07:33","guid":{"rendered":"https:\/\/tilefly.com\/producto\/hexaline-mix-black-215x25\/"},"modified":"2024-10-23T16:07:33","modified_gmt":"2024-10-23T14:07:33","slug":"hexaline-mix-black-215x25","status":"publish","type":"product","link":"https:\/\/tilefly.com\/fr\/produit\/hexaline-mix-black-215x25\/","title":{"rendered":"HEXALINE MIX BLACK 21,5X25"},"content":{"rendered":"<h1><strong>Carreaux en gr\u00e8s c\u00e9rame HEXALINE MIX BLACK 21,5X25<\/strong><\/h1><p>Ce carreau en gr\u00e8s c\u00e9rame au format cm, \u00e0 la finition satin\u00e9e et au coloris Noir \/ Fonc\u00e9 est parfait pour votre int\u00e9rieur. Son mat\u00e9riau de fabrication est le gr\u00e8s c\u00e9rame.<\/p><p>Particularit\u00e9s : D\u00e9cor\u00e9, Hexagones<\/p>","protected":false},"excerpt":{"rendered":"<p>Carreaux en gr\u00e8s c\u00e9rame HEXALINE MIX BLACK 21,5X25Ce carreau en gr\u00e8s c\u00e9rame au format cm, \u00e0 la finition satin\u00e9e et au coloris Noir \/ Fonc\u00e9 est parfait pour votre int\u00e9rieur. Son mat\u00e9riau de fabrication est le gr\u00e8s c\u00e9rame.Particularit\u00e9s : D\u00e9cor\u00e9, Hexagones<\/p>\n","protected":false},"featured_media":123938,"comment_status":"open","ping_status":"closed","template":"","meta":[],"product_brand":[],"product_cat":[355,356,354],"product_tag":[],"class_list":{"0":"post-539394","1":"product","2":"type-product","3":"status-publish","4":"has-post-thumbnail","6":"product_cat-cuisines","7":"product_cat-faiences","8":"product_cat-carrelage-salle-de-bain","10":"first","11":"outofstock","12":"shipping-taxable","13":"purchasable","14":"product-type-simple"},"_links":{"self":[{"href":"https:\/\/tilefly.com\/fr\/wp-json\/wp\/v2\/product\/539394","targetHints":{"allow":["GET"]}}],"collection":[{"href":"https:\/\/tilefly.com\/fr\/wp-json\/wp\/v2\/product"}],"about":[{"href":"https:\/\/tilefly.com\/fr\/wp-json\/wp\/v2\/types\/product"}],"replies":[{"embeddable":true,"href":"https:\/\/tilefly.com\/fr\/wp-json\/wp\/v2\/comments?post=539394"}],"wp:featuredmedia":[{"embeddable":true,"href":"https:\/\/tilefly.com\/fr\/wp-json\/wp\/v2\/media\/123938"}],"wp:attachment":[{"href":"https:\/\/tilefly.com\/fr\/wp-json\/wp\/v2\/media?parent=539394"}],"wp:term":[{"taxonomy":"product_brand","embeddable":true,"href":"https:\/\/tilefly.com\/fr\/wp-json\/wp\/v2\/product_brand?post=539394"},{"taxonomy":"product_cat","embeddable":true,"href":"https:\/\/tilefly.com\/fr\/wp-json\/wp\/v2\/product_cat?post=539394"},{"taxonomy":"product_tag","embeddable":true,"href":"https:\/\/tilefly.com\/fr\/wp-json\/wp\/v2\/product_tag?post=539394"}],"curies":[{"name":"wp","href":"https:\/\/api.w.org\/{rel}","templated":true}]}}