{"id":539392,"date":"2020-10-14T22:46:14","date_gmt":"2024-10-23T14:07:30","guid":{"rendered":"https:\/\/tilefly.com\/producto\/berlin-exa-aquamar-matt-215x25\/"},"modified":"2024-10-23T16:07:30","modified_gmt":"2024-10-23T14:07:30","slug":"berlin-exa-aquamar-matt-215x25","status":"publish","type":"product","link":"https:\/\/tilefly.com\/fr\/produit\/berlin-exa-aquamar-matt-215x25\/","title":{"rendered":"BERLIN EXA AQUAMAR MATT 21,5X25"},"content":{"rendered":"<p>Carrelage hexagonal en gr\u00e8s c\u00e9rame imitant le ciment en 21,5\u00d725. Sa couleur aigue-marine, fra\u00eeche et sereine, a l&#8217;aspect d&#8217;un ciment aqueux, l\u00e9g\u00e8rement non teint\u00e9. DUNE pr\u00e9sente BERLIN, la nouvelle s\u00e9rie o\u00f9 le concept de ciment est r\u00e9invent\u00e9 avec de multiples propositions de formats, de couleurs et de compl\u00e9ments con\u00e7us pour \u00eatre combin\u00e9s les uns avec les autres.<\/p><p>Le carreau hexagonal est sans aucun doute un choix parfait pour des pi\u00e8ces c\u00e9rames et originales. sol et mur porcelaine int\u00e9rieur et ext\u00e9rieur r\u00e9sistant et facile \u00e0 entretenir. <\/p>","protected":false},"excerpt":{"rendered":"<p>Carrelage hexagonal en gr\u00e8s c\u00e9rame imitant le ciment en 21,5\u00d725. Sa couleur aigue-marine, fra\u00eeche et sereine, a l&#8217;aspect d&#8217;un ciment aqueux, l\u00e9g\u00e8rement non teint\u00e9. DUNE pr\u00e9sente BERLIN, la nouvelle s\u00e9rie o\u00f9 le concept de ciment est r\u00e9invent\u00e9 avec de multiples propositions de formats, de couleurs et de compl\u00e9ments con\u00e7us pour \u00eatre combin\u00e9s les uns avec [&hellip;]<\/p>\n","protected":false},"featured_media":120622,"comment_status":"open","ping_status":"closed","template":"","meta":[],"product_brand":[],"product_cat":[353,357],"product_tag":[],"class_list":{"0":"post-539392","1":"product","2":"type-product","3":"status-publish","4":"has-post-thumbnail","6":"product_cat-carrelage","7":"product_cat-carrelage-salon","9":"first","10":"instock","11":"shipping-taxable","12":"purchasable","13":"product-type-simple"},"_links":{"self":[{"href":"https:\/\/tilefly.com\/fr\/wp-json\/wp\/v2\/product\/539392","targetHints":{"allow":["GET"]}}],"collection":[{"href":"https:\/\/tilefly.com\/fr\/wp-json\/wp\/v2\/product"}],"about":[{"href":"https:\/\/tilefly.com\/fr\/wp-json\/wp\/v2\/types\/product"}],"replies":[{"embeddable":true,"href":"https:\/\/tilefly.com\/fr\/wp-json\/wp\/v2\/comments?post=539392"}],"wp:featuredmedia":[{"embeddable":true,"href":"https:\/\/tilefly.com\/fr\/wp-json\/wp\/v2\/media\/120622"}],"wp:attachment":[{"href":"https:\/\/tilefly.com\/fr\/wp-json\/wp\/v2\/media?parent=539392"}],"wp:term":[{"taxonomy":"product_brand","embeddable":true,"href":"https:\/\/tilefly.com\/fr\/wp-json\/wp\/v2\/product_brand?post=539392"},{"taxonomy":"product_cat","embeddable":true,"href":"https:\/\/tilefly.com\/fr\/wp-json\/wp\/v2\/product_cat?post=539392"},{"taxonomy":"product_tag","embeddable":true,"href":"https:\/\/tilefly.com\/fr\/wp-json\/wp\/v2\/product_tag?post=539392"}],"curies":[{"name":"wp","href":"https:\/\/api.w.org\/{rel}","templated":true}]}}