{"id":539349,"date":"2019-09-13T14:12:43","date_gmt":"2019-09-13T12:12:43","guid":{"rendered":"https:\/\/tilefly.com\/producto\/touareg-grey-mix-139x16\/"},"modified":"2024-10-23T16:06:55","modified_gmt":"2024-10-23T14:06:55","slug":"touareg-grey-mix-139x16","status":"publish","type":"product","link":"https:\/\/tilefly.com\/fr\/produit\/touareg-grey-mix-139x16\/","title":{"rendered":"TOUAREG GREY MIX 13,9X16"},"content":{"rendered":"<h1><strong>Carreaux gr\u00e8s c\u00e9rame TOUAREG GREY MIX 13,9X16<\/strong><\/h1><p>Ce carreau en gr\u00e8s c\u00e9rame au format 13,9X16 cm, de finition mate et de couleur grise est parfait pour votre int\u00e9rieur. Son mat\u00e9riau de fabrication est le gr\u00e8s c\u00e9rame.<\/p><p>Particularit\u00e9s : Hexagones<\/p>","protected":false},"excerpt":{"rendered":"<p>Carreaux gr\u00e8s c\u00e9rame TOUAREG GREY MIX 13,9X16Ce carreau en gr\u00e8s c\u00e9rame au format 13,9X16 cm, de finition mate et de couleur grise est parfait pour votre int\u00e9rieur. Son mat\u00e9riau de fabrication est le gr\u00e8s c\u00e9rame.Particularit\u00e9s : Hexagones<\/p>\n","protected":false},"featured_media":65443,"comment_status":"closed","ping_status":"closed","template":"","meta":[],"product_brand":[],"product_cat":[353,355,356,354,357],"product_tag":[],"class_list":{"0":"post-539349","1":"product","2":"type-product","3":"status-publish","4":"has-post-thumbnail","6":"product_cat-carrelage","7":"product_cat-cuisines","8":"product_cat-faiences","9":"product_cat-carrelage-salle-de-bain","10":"product_cat-carrelage-salon","12":"first","13":"instock","14":"shipping-taxable","15":"purchasable","16":"product-type-simple"},"_links":{"self":[{"href":"https:\/\/tilefly.com\/fr\/wp-json\/wp\/v2\/product\/539349","targetHints":{"allow":["GET"]}}],"collection":[{"href":"https:\/\/tilefly.com\/fr\/wp-json\/wp\/v2\/product"}],"about":[{"href":"https:\/\/tilefly.com\/fr\/wp-json\/wp\/v2\/types\/product"}],"replies":[{"embeddable":true,"href":"https:\/\/tilefly.com\/fr\/wp-json\/wp\/v2\/comments?post=539349"}],"wp:featuredmedia":[{"embeddable":true,"href":"https:\/\/tilefly.com\/fr\/wp-json\/wp\/v2\/media\/65443"}],"wp:attachment":[{"href":"https:\/\/tilefly.com\/fr\/wp-json\/wp\/v2\/media?parent=539349"}],"wp:term":[{"taxonomy":"product_brand","embeddable":true,"href":"https:\/\/tilefly.com\/fr\/wp-json\/wp\/v2\/product_brand?post=539349"},{"taxonomy":"product_cat","embeddable":true,"href":"https:\/\/tilefly.com\/fr\/wp-json\/wp\/v2\/product_cat?post=539349"},{"taxonomy":"product_tag","embeddable":true,"href":"https:\/\/tilefly.com\/fr\/wp-json\/wp\/v2\/product_tag?post=539349"}],"curies":[{"name":"wp","href":"https:\/\/api.w.org\/{rel}","templated":true}]}}