{"id":539047,"date":"2019-09-13T14:00:58","date_gmt":"2024-08-27T19:58:29","guid":{"rendered":"https:\/\/tilefly.com\/producto\/zocalo-mediterranean-cotto-15x15\/"},"modified":"2024-08-27T21:58:29","modified_gmt":"2024-08-27T19:58:29","slug":"zocalo-mediterranean-cotto-15x15","status":"publish","type":"product","link":"https:\/\/tilefly.com\/fr\/produit\/zocalo-mediterranean-cotto-15x15\/","title":{"rendered":"ZOCALO MEDITERRANEAN COTTO 15X15"},"content":{"rendered":"<h1><strong>Carreaux en p\u00e2te blanche ZOCALO MEDITERRANEAN COTTO 15X15<\/strong><\/h1><p>Ce carreau Pasta Blanca au format 15X15 cm, en finition brillante et de couleur jaune, marron est parfait pour votre int\u00e9rieur. Son mat\u00e9riau de fabrication est la p\u00e2te blanche.<\/p><p>Particularit\u00e9s : D\u00e9cor\u00e9, M\u00e9tro<\/p>","protected":false},"excerpt":{"rendered":"<p>Carreaux en p\u00e2te blanche ZOCALO MEDITERRANEAN COTTO 15X15Ce carreau Pasta Blanca au format 15X15 cm, en finition brillante et de couleur jaune, marron est parfait pour votre int\u00e9rieur. Son mat\u00e9riau de fabrication est la p\u00e2te blanche.Particularit\u00e9s : D\u00e9cor\u00e9, M\u00e9tro<\/p>\n","protected":false},"featured_media":539049,"comment_status":"closed","ping_status":"closed","template":"","meta":[],"product_brand":[],"product_cat":[355,356,354,357],"product_tag":[],"class_list":{"0":"post-539047","1":"product","2":"type-product","3":"status-publish","4":"has-post-thumbnail","6":"product_cat-cuisines","7":"product_cat-faiences","8":"product_cat-carrelage-salle-de-bain","9":"product_cat-carrelage-salon","11":"first","12":"outofstock","13":"shipping-taxable","14":"purchasable","15":"product-type-simple"},"_links":{"self":[{"href":"https:\/\/tilefly.com\/fr\/wp-json\/wp\/v2\/product\/539047","targetHints":{"allow":["GET"]}}],"collection":[{"href":"https:\/\/tilefly.com\/fr\/wp-json\/wp\/v2\/product"}],"about":[{"href":"https:\/\/tilefly.com\/fr\/wp-json\/wp\/v2\/types\/product"}],"replies":[{"embeddable":true,"href":"https:\/\/tilefly.com\/fr\/wp-json\/wp\/v2\/comments?post=539047"}],"wp:featuredmedia":[{"embeddable":true,"href":"https:\/\/tilefly.com\/fr\/wp-json\/wp\/v2\/media\/539049"}],"wp:attachment":[{"href":"https:\/\/tilefly.com\/fr\/wp-json\/wp\/v2\/media?parent=539047"}],"wp:term":[{"taxonomy":"product_brand","embeddable":true,"href":"https:\/\/tilefly.com\/fr\/wp-json\/wp\/v2\/product_brand?post=539047"},{"taxonomy":"product_cat","embeddable":true,"href":"https:\/\/tilefly.com\/fr\/wp-json\/wp\/v2\/product_cat?post=539047"},{"taxonomy":"product_tag","embeddable":true,"href":"https:\/\/tilefly.com\/fr\/wp-json\/wp\/v2\/product_tag?post=539047"}],"curies":[{"name":"wp","href":"https:\/\/api.w.org\/{rel}","templated":true}]}}