{"id":538982,"date":"2019-09-13T14:17:08","date_gmt":"2019-09-13T12:17:08","guid":{"rendered":"https:\/\/tilefly.com\/producto\/iruela-blue-15x15\/"},"modified":"2024-08-27T21:57:45","modified_gmt":"2024-08-27T19:57:45","slug":"iruela-blue-15x15","status":"publish","type":"product","link":"https:\/\/tilefly.com\/fr\/produit\/iruela-blue-15x15\/","title":{"rendered":"IRUELA BLUE 15X15"},"content":{"rendered":"<p>Chez TileFly, vous trouverez la plus large gamme de carreaux et de fa\u00efences murales en ligne.<br \/>Notre \u00e9quipe travaille tous les jours pour toujours vous proposer les derni\u00e8res tendances en mati\u00e8re de carreaux, de mosa\u00efques, de carrelages et de fa\u00efences.<br \/>Nous ne travaillons qu&#8217;avec des fabricants espagnols et italiens de premier plan.<br \/>Ces entreprises garantissent une excellente qualit\u00e9 et disponibilit\u00e9 des produits.<br \/>Nous vous rappelons que tous les Carreaux, les Fa\u00efences et les pi\u00e8ces sp\u00e9ciales que vous pouvez trouver sur notre site web disposent d&#8217;informations sp\u00e9cifiques sur chaque produit dans la section &#8221; Informations techniques &#8220;.<br \/>Une fois que vous aurez pass\u00e9 votre commande, notre \u00e9quipe v\u00e9rifiera que toutes les caract\u00e9ristiques du produit s\u00e9lectionn\u00e9 sont correctes.<br \/>Il peut arriver que certaines de ces informations soient erron\u00e9es ou contiennent des variations.<br \/>Notre \u00e9quipe vous informera de toute variation afin d&#8217;avoir toujours votre accord pour que vous soyez s\u00fbr et surtout satisfait du produit que vous avez achet\u00e9.       <\/p>","protected":false},"excerpt":{"rendered":"<p>Chez TileFly, vous trouverez la plus large gamme de carreaux et de fa\u00efences murales en ligne.Notre \u00e9quipe travaille tous les jours pour toujours vous proposer les derni\u00e8res tendances en mati\u00e8re de carreaux, de mosa\u00efques, de carrelages et de fa\u00efences.Nous ne travaillons qu&#8217;avec des fabricants espagnols et italiens de premier plan.Ces entreprises garantissent une excellente qualit\u00e9 [&hellip;]<\/p>\n","protected":false},"featured_media":65579,"comment_status":"closed","ping_status":"closed","template":"","meta":[],"product_brand":[],"product_cat":[353,355,356,354,357],"product_tag":[],"class_list":{"0":"post-538982","1":"product","2":"type-product","3":"status-publish","4":"has-post-thumbnail","6":"product_cat-carrelage","7":"product_cat-cuisines","8":"product_cat-faiences","9":"product_cat-carrelage-salle-de-bain","10":"product_cat-carrelage-salon","12":"first","13":"instock","14":"shipping-taxable","15":"purchasable","16":"product-type-simple"},"_links":{"self":[{"href":"https:\/\/tilefly.com\/fr\/wp-json\/wp\/v2\/product\/538982","targetHints":{"allow":["GET"]}}],"collection":[{"href":"https:\/\/tilefly.com\/fr\/wp-json\/wp\/v2\/product"}],"about":[{"href":"https:\/\/tilefly.com\/fr\/wp-json\/wp\/v2\/types\/product"}],"replies":[{"embeddable":true,"href":"https:\/\/tilefly.com\/fr\/wp-json\/wp\/v2\/comments?post=538982"}],"wp:featuredmedia":[{"embeddable":true,"href":"https:\/\/tilefly.com\/fr\/wp-json\/wp\/v2\/media\/65579"}],"wp:attachment":[{"href":"https:\/\/tilefly.com\/fr\/wp-json\/wp\/v2\/media?parent=538982"}],"wp:term":[{"taxonomy":"product_brand","embeddable":true,"href":"https:\/\/tilefly.com\/fr\/wp-json\/wp\/v2\/product_brand?post=538982"},{"taxonomy":"product_cat","embeddable":true,"href":"https:\/\/tilefly.com\/fr\/wp-json\/wp\/v2\/product_cat?post=538982"},{"taxonomy":"product_tag","embeddable":true,"href":"https:\/\/tilefly.com\/fr\/wp-json\/wp\/v2\/product_tag?post=538982"}],"curies":[{"name":"wp","href":"https:\/\/api.w.org\/{rel}","templated":true}]}}