{"id":538874,"date":"2019-09-13T14:12:43","date_gmt":"2019-09-13T12:12:43","guid":{"rendered":"https:\/\/tilefly.com\/producto\/janette-15x15\/"},"modified":"2024-08-27T21:55:13","modified_gmt":"2024-08-27T19:55:13","slug":"janette-15x15","status":"publish","type":"product","link":"https:\/\/tilefly.com\/fr\/produit\/janette-15x15\/","title":{"rendered":"JANETTE 15X15"},"content":{"rendered":"<h1><strong>Carreaux gr\u00e8s c\u00e9rame JANETTE 15X15<\/strong><\/h1><p>Ce Carreaux en Porcelaine au format 15X15 cm, de finition mate et de couleur Bleu, Gris est parfait pour votre int\u00e9rieur.<br \/>Son mat\u00e9riau de fabrication est la gr\u00e8s c\u00e9rame. <\/p><p>Particularit\u00e9s : D\u00e9cor\u00e9, Hydraulique, Imitation ciment<\/p>","protected":false},"excerpt":{"rendered":"<p>Carreaux gr\u00e8s c\u00e9rame JANETTE 15X15Ce Carreaux en Porcelaine au format 15X15 cm, de finition mate et de couleur Bleu, Gris est parfait pour votre int\u00e9rieur.Son mat\u00e9riau de fabrication est la gr\u00e8s c\u00e9rame. Particularit\u00e9s : D\u00e9cor\u00e9, Hydraulique, Imitation ciment<\/p>\n","protected":false},"featured_media":65367,"comment_status":"closed","ping_status":"closed","template":"","meta":[],"product_brand":[],"product_cat":[353,355,356,354,357],"product_tag":[],"class_list":{"0":"post-538874","1":"product","2":"type-product","3":"status-publish","4":"has-post-thumbnail","6":"product_cat-carrelage","7":"product_cat-cuisines","8":"product_cat-faiences","9":"product_cat-carrelage-salle-de-bain","10":"product_cat-carrelage-salon","12":"first","13":"instock","14":"shipping-taxable","15":"purchasable","16":"product-type-simple"},"_links":{"self":[{"href":"https:\/\/tilefly.com\/fr\/wp-json\/wp\/v2\/product\/538874","targetHints":{"allow":["GET"]}}],"collection":[{"href":"https:\/\/tilefly.com\/fr\/wp-json\/wp\/v2\/product"}],"about":[{"href":"https:\/\/tilefly.com\/fr\/wp-json\/wp\/v2\/types\/product"}],"replies":[{"embeddable":true,"href":"https:\/\/tilefly.com\/fr\/wp-json\/wp\/v2\/comments?post=538874"}],"wp:featuredmedia":[{"embeddable":true,"href":"https:\/\/tilefly.com\/fr\/wp-json\/wp\/v2\/media\/65367"}],"wp:attachment":[{"href":"https:\/\/tilefly.com\/fr\/wp-json\/wp\/v2\/media?parent=538874"}],"wp:term":[{"taxonomy":"product_brand","embeddable":true,"href":"https:\/\/tilefly.com\/fr\/wp-json\/wp\/v2\/product_brand?post=538874"},{"taxonomy":"product_cat","embeddable":true,"href":"https:\/\/tilefly.com\/fr\/wp-json\/wp\/v2\/product_cat?post=538874"},{"taxonomy":"product_tag","embeddable":true,"href":"https:\/\/tilefly.com\/fr\/wp-json\/wp\/v2\/product_tag?post=538874"}],"curies":[{"name":"wp","href":"https:\/\/api.w.org\/{rel}","templated":true}]}}