{"id":538818,"date":"2019-09-13T14:07:12","date_gmt":"2024-08-27T19:53:42","guid":{"rendered":"https:\/\/tilefly.com\/producto\/taco-capitone-crema-15x15\/"},"modified":"2024-08-27T21:53:42","modified_gmt":"2024-08-27T19:53:42","slug":"taco-capitone-crema-15x15","status":"publish","type":"product","link":"https:\/\/tilefly.com\/fr\/produit\/taco-capitone-crema-15x15\/","title":{"rendered":"TACO CAPITONE CREMA 15X15"},"content":{"rendered":"<h1><strong>Carreaux en r\u00e9sine TACO CAPITONE CREMA 15X15<\/strong><\/h1><p>Ce carreau en R\u00e9sine de format 15X15 cm, de finition mate et de couleur marron est parfait pour votre int\u00e9rieur.<br \/>Son mat\u00e9riau de fabrication est la r\u00e9sine. <\/p><p>Particularit\u00e9s : D\u00e9cor\u00e9, Imitation marbre, Imitation pierre<\/p>","protected":false},"excerpt":{"rendered":"<p>Carreaux en r\u00e9sine TACO CAPITONE CREMA 15X15Ce carreau en R\u00e9sine de format 15X15 cm, de finition mate et de couleur marron est parfait pour votre int\u00e9rieur.Son mat\u00e9riau de fabrication est la r\u00e9sine. Particularit\u00e9s : D\u00e9cor\u00e9, Imitation marbre, Imitation pierre<\/p>\n","protected":false},"featured_media":538819,"comment_status":"closed","ping_status":"closed","template":"","meta":[],"product_brand":[],"product_cat":[355,356,354,357],"product_tag":[],"class_list":{"0":"post-538818","1":"product","2":"type-product","3":"status-publish","4":"has-post-thumbnail","6":"product_cat-cuisines","7":"product_cat-faiences","8":"product_cat-carrelage-salle-de-bain","9":"product_cat-carrelage-salon","11":"first","12":"outofstock","13":"shipping-taxable","14":"purchasable","15":"product-type-simple"},"_links":{"self":[{"href":"https:\/\/tilefly.com\/fr\/wp-json\/wp\/v2\/product\/538818","targetHints":{"allow":["GET"]}}],"collection":[{"href":"https:\/\/tilefly.com\/fr\/wp-json\/wp\/v2\/product"}],"about":[{"href":"https:\/\/tilefly.com\/fr\/wp-json\/wp\/v2\/types\/product"}],"replies":[{"embeddable":true,"href":"https:\/\/tilefly.com\/fr\/wp-json\/wp\/v2\/comments?post=538818"}],"wp:featuredmedia":[{"embeddable":true,"href":"https:\/\/tilefly.com\/fr\/wp-json\/wp\/v2\/media\/538819"}],"wp:attachment":[{"href":"https:\/\/tilefly.com\/fr\/wp-json\/wp\/v2\/media?parent=538818"}],"wp:term":[{"taxonomy":"product_brand","embeddable":true,"href":"https:\/\/tilefly.com\/fr\/wp-json\/wp\/v2\/product_brand?post=538818"},{"taxonomy":"product_cat","embeddable":true,"href":"https:\/\/tilefly.com\/fr\/wp-json\/wp\/v2\/product_cat?post=538818"},{"taxonomy":"product_tag","embeddable":true,"href":"https:\/\/tilefly.com\/fr\/wp-json\/wp\/v2\/product_tag?post=538818"}],"curies":[{"name":"wp","href":"https:\/\/api.w.org\/{rel}","templated":true}]}}