{"id":538669,"date":"2019-09-13T14:00:58","date_gmt":"2024-08-27T19:52:17","guid":{"rendered":"https:\/\/tilefly.com\/producto\/caprichosa-vainilla-15x15\/"},"modified":"2024-08-27T21:52:17","modified_gmt":"2024-08-27T19:52:17","slug":"caprichosa-vainilla-15x15","status":"publish","type":"product","link":"https:\/\/tilefly.com\/fr\/produit\/caprichosa-vainilla-15x15\/","title":{"rendered":"CAPRICHOSA VAINILLA 15X15"},"content":{"rendered":"<h1><strong>CAPRICHOSA VANILLA Carreaux en p\u00e2te rouge 15X15<\/strong><\/h1><p>Ce carreau en p\u00e2te rouge au format 15X15 cm, finition brillante et coloris blanc est parfait pour votre int\u00e9rieur. Sa mati\u00e8re premi\u00e8re est la p\u00e2te rouge.<\/p><p>Particularit\u00e9s : D\u00e9cor\u00e9, M\u00e9tro<\/p>","protected":false},"excerpt":{"rendered":"<p>CAPRICHOSA VANILLA Carreaux en p\u00e2te rouge 15X15Ce carreau en p\u00e2te rouge au format 15X15 cm, finition brillante et coloris blanc est parfait pour votre int\u00e9rieur. Sa mati\u00e8re premi\u00e8re est la p\u00e2te rouge.Particularit\u00e9s : D\u00e9cor\u00e9, M\u00e9tro<\/p>\n","protected":false},"featured_media":538670,"comment_status":"closed","ping_status":"closed","template":"","meta":[],"product_brand":[],"product_cat":[355,356,354,357],"product_tag":[],"class_list":{"0":"post-538669","1":"product","2":"type-product","3":"status-publish","4":"has-post-thumbnail","6":"product_cat-cuisines","7":"product_cat-faiences","8":"product_cat-carrelage-salle-de-bain","9":"product_cat-carrelage-salon","11":"first","12":"outofstock","13":"shipping-taxable","14":"purchasable","15":"product-type-simple"},"_links":{"self":[{"href":"https:\/\/tilefly.com\/fr\/wp-json\/wp\/v2\/product\/538669","targetHints":{"allow":["GET"]}}],"collection":[{"href":"https:\/\/tilefly.com\/fr\/wp-json\/wp\/v2\/product"}],"about":[{"href":"https:\/\/tilefly.com\/fr\/wp-json\/wp\/v2\/types\/product"}],"replies":[{"embeddable":true,"href":"https:\/\/tilefly.com\/fr\/wp-json\/wp\/v2\/comments?post=538669"}],"wp:featuredmedia":[{"embeddable":true,"href":"https:\/\/tilefly.com\/fr\/wp-json\/wp\/v2\/media\/538670"}],"wp:attachment":[{"href":"https:\/\/tilefly.com\/fr\/wp-json\/wp\/v2\/media?parent=538669"}],"wp:term":[{"taxonomy":"product_brand","embeddable":true,"href":"https:\/\/tilefly.com\/fr\/wp-json\/wp\/v2\/product_brand?post=538669"},{"taxonomy":"product_cat","embeddable":true,"href":"https:\/\/tilefly.com\/fr\/wp-json\/wp\/v2\/product_cat?post=538669"},{"taxonomy":"product_tag","embeddable":true,"href":"https:\/\/tilefly.com\/fr\/wp-json\/wp\/v2\/product_tag?post=538669"}],"curies":[{"name":"wp","href":"https:\/\/api.w.org\/{rel}","templated":true}]}}