{"id":538627,"date":"2019-09-13T14:00:58","date_gmt":"2024-08-27T19:51:45","guid":{"rendered":"https:\/\/tilefly.com\/producto\/vintage-graphite-15x15\/"},"modified":"2024-08-27T21:51:45","modified_gmt":"2024-08-27T19:51:45","slug":"vintage-graphite-15x15","status":"publish","type":"product","link":"https:\/\/tilefly.com\/fr\/produit\/vintage-graphite-15x15\/","title":{"rendered":"VINTAGE GRAPHITE 15X15"},"content":{"rendered":"<h1><strong>Carreaux en p\u00e2te blanche VINTAGE GRAPHITE 15X15<\/strong><\/h1><p>Ce carreau en p\u00e2te blanche au format 15,1X15,1 cm, finition brillante et coloris Gris, Noir \/ Fonc\u00e9 est parfait pour votre int\u00e9rieur. Son mat\u00e9riau de fabrication est la p\u00e2te blanche.<\/p><p>Particularit\u00e9s : D\u00e9cor\u00e9, M\u00e9tro<\/p>","protected":false},"excerpt":{"rendered":"<p>Carreaux en p\u00e2te blanche VINTAGE GRAPHITE 15X15Ce carreau en p\u00e2te blanche au format 15,1X15,1 cm, finition brillante et coloris Gris, Noir \/ Fonc\u00e9 est parfait pour votre int\u00e9rieur. Son mat\u00e9riau de fabrication est la p\u00e2te blanche.Particularit\u00e9s : D\u00e9cor\u00e9, M\u00e9tro<\/p>\n","protected":false},"featured_media":64505,"comment_status":"closed","ping_status":"closed","template":"","meta":[],"product_brand":[],"product_cat":[355,356,354,357],"product_tag":[],"class_list":{"0":"post-538627","1":"product","2":"type-product","3":"status-publish","4":"has-post-thumbnail","6":"product_cat-cuisines","7":"product_cat-faiences","8":"product_cat-carrelage-salle-de-bain","9":"product_cat-carrelage-salon","11":"first","12":"outofstock","13":"shipping-taxable","14":"purchasable","15":"product-type-simple"},"_links":{"self":[{"href":"https:\/\/tilefly.com\/fr\/wp-json\/wp\/v2\/product\/538627","targetHints":{"allow":["GET"]}}],"collection":[{"href":"https:\/\/tilefly.com\/fr\/wp-json\/wp\/v2\/product"}],"about":[{"href":"https:\/\/tilefly.com\/fr\/wp-json\/wp\/v2\/types\/product"}],"replies":[{"embeddable":true,"href":"https:\/\/tilefly.com\/fr\/wp-json\/wp\/v2\/comments?post=538627"}],"wp:featuredmedia":[{"embeddable":true,"href":"https:\/\/tilefly.com\/fr\/wp-json\/wp\/v2\/media\/64505"}],"wp:attachment":[{"href":"https:\/\/tilefly.com\/fr\/wp-json\/wp\/v2\/media?parent=538627"}],"wp:term":[{"taxonomy":"product_brand","embeddable":true,"href":"https:\/\/tilefly.com\/fr\/wp-json\/wp\/v2\/product_brand?post=538627"},{"taxonomy":"product_cat","embeddable":true,"href":"https:\/\/tilefly.com\/fr\/wp-json\/wp\/v2\/product_cat?post=538627"},{"taxonomy":"product_tag","embeddable":true,"href":"https:\/\/tilefly.com\/fr\/wp-json\/wp\/v2\/product_tag?post=538627"}],"curies":[{"name":"wp","href":"https:\/\/api.w.org\/{rel}","templated":true}]}}