{"id":538514,"date":"2022-02-17T09:23:59","date_gmt":"2022-02-17T08:23:59","guid":{"rendered":"https:\/\/tilefly.com\/producto\/klen-coconut-milk-25x75\/"},"modified":"2024-08-27T21:49:05","modified_gmt":"2024-08-27T19:49:05","slug":"klen-coconut-milk-25x75","status":"publish","type":"product","link":"https:\/\/tilefly.com\/fr\/produit\/klen-coconut-milk-25x75\/","title":{"rendered":"KLEN COCONUT MILK 25X75"},"content":{"rendered":"<p>Sa base est un ciment tr\u00e8s doux, velout\u00e9, mais l&#8217;\u00e9l\u00e9ment le plus caract\u00e9ristique de cette s\u00e9rie est le relief qui reproduit des figures d&#8217;origami. La c\u00e9ramique est en effet li\u00e9e \u00e0 l&#8217;art du pliage du papier : les pi\u00e8ces sont fabriqu\u00e9es une \u00e0 une, pli\u00e9es puis assembl\u00e9es pour former l&#8217;objet. Klen est disponible en six couleurs diff\u00e9rentes : bleu, terracotta, perle, blanc, paladium et gris.<\/p>","protected":false},"excerpt":{"rendered":"<p>Sa base est un ciment tr\u00e8s doux, velout\u00e9, mais l&#8217;\u00e9l\u00e9ment le plus caract\u00e9ristique de cette s\u00e9rie est le relief qui reproduit des figures d&#8217;origami. La c\u00e9ramique est en effet li\u00e9e \u00e0 l&#8217;art du pliage du papier : les pi\u00e8ces sont fabriqu\u00e9es une \u00e0 une, pli\u00e9es puis assembl\u00e9es pour former l&#8217;objet. Klen est disponible en six [&hellip;]<\/p>\n","protected":false},"featured_media":514260,"comment_status":"closed","ping_status":"closed","template":"","meta":[],"product_brand":[],"product_cat":[355,356,354],"product_tag":[],"class_list":{"0":"post-538514","1":"product","2":"type-product","3":"status-publish","4":"has-post-thumbnail","6":"product_cat-cuisines","7":"product_cat-faiences","8":"product_cat-carrelage-salle-de-bain","10":"first","11":"instock","12":"shipping-taxable","13":"purchasable","14":"product-type-simple"},"_links":{"self":[{"href":"https:\/\/tilefly.com\/fr\/wp-json\/wp\/v2\/product\/538514","targetHints":{"allow":["GET"]}}],"collection":[{"href":"https:\/\/tilefly.com\/fr\/wp-json\/wp\/v2\/product"}],"about":[{"href":"https:\/\/tilefly.com\/fr\/wp-json\/wp\/v2\/types\/product"}],"replies":[{"embeddable":true,"href":"https:\/\/tilefly.com\/fr\/wp-json\/wp\/v2\/comments?post=538514"}],"wp:featuredmedia":[{"embeddable":true,"href":"https:\/\/tilefly.com\/fr\/wp-json\/wp\/v2\/media\/514260"}],"wp:attachment":[{"href":"https:\/\/tilefly.com\/fr\/wp-json\/wp\/v2\/media?parent=538514"}],"wp:term":[{"taxonomy":"product_brand","embeddable":true,"href":"https:\/\/tilefly.com\/fr\/wp-json\/wp\/v2\/product_brand?post=538514"},{"taxonomy":"product_cat","embeddable":true,"href":"https:\/\/tilefly.com\/fr\/wp-json\/wp\/v2\/product_cat?post=538514"},{"taxonomy":"product_tag","embeddable":true,"href":"https:\/\/tilefly.com\/fr\/wp-json\/wp\/v2\/product_tag?post=538514"}],"curies":[{"name":"wp","href":"https:\/\/api.w.org\/{rel}","templated":true}]}}