{"id":538468,"date":"2020-10-12T22:33:42","date_gmt":"2024-08-27T19:48:09","guid":{"rendered":"https:\/\/tilefly.com\/producto\/cantera-marfil-br-25x75\/"},"modified":"2024-08-27T21:48:09","modified_gmt":"2024-08-27T19:48:09","slug":"cantera-marfil-br-25x75","status":"publish","type":"product","link":"https:\/\/tilefly.com\/fr\/produit\/cantera-marfil-br-25x75\/","title":{"rendered":"CANTERA MARFIL BR 25X75"},"content":{"rendered":"<p>Ce carreau de p\u00e2te rouge de la s\u00e9rie Cantera est un carreau de mur \u00e9conomique id\u00e9al pour les zones non humides, avec une texture imitant le marbre et une finition brillante au format 25X75 centim\u00e8tres.<\/p>","protected":false},"excerpt":{"rendered":"<p>Ce carreau de p\u00e2te rouge de la s\u00e9rie Cantera est un carreau de mur \u00e9conomique id\u00e9al pour les zones non humides, avec une texture imitant le marbre et une finition brillante au format 25X75 centim\u00e8tres.<\/p>\n","protected":false},"featured_media":538470,"comment_status":"open","ping_status":"closed","template":"","meta":[],"product_brand":[],"product_cat":[356],"product_tag":[],"class_list":{"0":"post-538468","1":"product","2":"type-product","3":"status-publish","4":"has-post-thumbnail","6":"product_cat-faiences","8":"first","9":"outofstock","10":"shipping-taxable","11":"purchasable","12":"product-type-simple"},"_links":{"self":[{"href":"https:\/\/tilefly.com\/fr\/wp-json\/wp\/v2\/product\/538468","targetHints":{"allow":["GET"]}}],"collection":[{"href":"https:\/\/tilefly.com\/fr\/wp-json\/wp\/v2\/product"}],"about":[{"href":"https:\/\/tilefly.com\/fr\/wp-json\/wp\/v2\/types\/product"}],"replies":[{"embeddable":true,"href":"https:\/\/tilefly.com\/fr\/wp-json\/wp\/v2\/comments?post=538468"}],"wp:featuredmedia":[{"embeddable":true,"href":"https:\/\/tilefly.com\/fr\/wp-json\/wp\/v2\/media\/538470"}],"wp:attachment":[{"href":"https:\/\/tilefly.com\/fr\/wp-json\/wp\/v2\/media?parent=538468"}],"wp:term":[{"taxonomy":"product_brand","embeddable":true,"href":"https:\/\/tilefly.com\/fr\/wp-json\/wp\/v2\/product_brand?post=538468"},{"taxonomy":"product_cat","embeddable":true,"href":"https:\/\/tilefly.com\/fr\/wp-json\/wp\/v2\/product_cat?post=538468"},{"taxonomy":"product_tag","embeddable":true,"href":"https:\/\/tilefly.com\/fr\/wp-json\/wp\/v2\/product_tag?post=538468"}],"curies":[{"name":"wp","href":"https:\/\/api.w.org\/{rel}","templated":true}]}}