{"id":538291,"date":"2020-10-11T12:57:50","date_gmt":"2020-10-11T10:57:50","guid":{"rendered":"https:\/\/tilefly.com\/producto\/jasper-silver-mt-25x75\/"},"modified":"2024-08-27T21:45:24","modified_gmt":"2024-08-27T19:45:24","slug":"jasper-silver-mt-25x75","status":"publish","type":"product","link":"https:\/\/tilefly.com\/fr\/produit\/jasper-silver-mt-25x75\/","title":{"rendered":"JASPER SILVER MT 25X75"},"content":{"rendered":"<p>Cette Carreaux rouge de la s\u00e9rie Jasper est une Fa\u00efence \u00e9conomique id\u00e9ale pour les zones non humides, elle a une texture effet m\u00e9tal et une finition mate en format 25X75 centim\u00e8tres.<\/p>","protected":false},"excerpt":{"rendered":"<p>Cette Carreaux rouge de la s\u00e9rie Jasper est une Fa\u00efence \u00e9conomique id\u00e9ale pour les zones non humides, elle a une texture effet m\u00e9tal et une finition mate en format 25X75 centim\u00e8tres.<\/p>\n","protected":false},"featured_media":538294,"comment_status":"open","ping_status":"closed","template":"","meta":[],"product_brand":[],"product_cat":[356],"product_tag":[],"class_list":{"0":"post-538291","1":"product","2":"type-product","3":"status-publish","4":"has-post-thumbnail","6":"product_cat-faiences","8":"first","9":"outofstock","10":"shipping-taxable","11":"purchasable","12":"product-type-simple"},"_links":{"self":[{"href":"https:\/\/tilefly.com\/fr\/wp-json\/wp\/v2\/product\/538291","targetHints":{"allow":["GET"]}}],"collection":[{"href":"https:\/\/tilefly.com\/fr\/wp-json\/wp\/v2\/product"}],"about":[{"href":"https:\/\/tilefly.com\/fr\/wp-json\/wp\/v2\/types\/product"}],"replies":[{"embeddable":true,"href":"https:\/\/tilefly.com\/fr\/wp-json\/wp\/v2\/comments?post=538291"}],"wp:featuredmedia":[{"embeddable":true,"href":"https:\/\/tilefly.com\/fr\/wp-json\/wp\/v2\/media\/538294"}],"wp:attachment":[{"href":"https:\/\/tilefly.com\/fr\/wp-json\/wp\/v2\/media?parent=538291"}],"wp:term":[{"taxonomy":"product_brand","embeddable":true,"href":"https:\/\/tilefly.com\/fr\/wp-json\/wp\/v2\/product_brand?post=538291"},{"taxonomy":"product_cat","embeddable":true,"href":"https:\/\/tilefly.com\/fr\/wp-json\/wp\/v2\/product_cat?post=538291"},{"taxonomy":"product_tag","embeddable":true,"href":"https:\/\/tilefly.com\/fr\/wp-json\/wp\/v2\/product_tag?post=538291"}],"curies":[{"name":"wp","href":"https:\/\/api.w.org\/{rel}","templated":true}]}}