{"id":538244,"date":"2020-10-12T22:17:07","date_gmt":"2020-10-12T20:17:07","guid":{"rendered":"https:\/\/tilefly.com\/producto\/windsor-ivory-mt-25x50\/"},"modified":"2024-08-27T21:44:45","modified_gmt":"2024-08-27T19:44:45","slug":"windsor-ivory-mt-25x50","status":"publish","type":"product","link":"https:\/\/tilefly.com\/fr\/produit\/windsor-ivory-mt-25x50\/","title":{"rendered":"WINDSOR IVORY MT 25X50"},"content":{"rendered":"<p>Ce Carreaux en p\u00e2te rouge de la s\u00e9rie Windsor est un carreau mural \u00e9conomique id\u00e9al pour les zones non humides, avec une texture imitant la pierre et une finition mate en format 25X50 centim\u00e8tres.<\/p>","protected":false},"excerpt":{"rendered":"<p>Ce Carreaux en p\u00e2te rouge de la s\u00e9rie Windsor est un carreau mural \u00e9conomique id\u00e9al pour les zones non humides, avec une texture imitant la pierre et une finition mate en format 25X50 centim\u00e8tres.<\/p>\n","protected":false},"featured_media":538245,"comment_status":"open","ping_status":"closed","template":"","meta":[],"product_brand":[],"product_cat":[356],"product_tag":[],"class_list":{"0":"post-538244","1":"product","2":"type-product","3":"status-publish","4":"has-post-thumbnail","6":"product_cat-faiences","8":"first","9":"outofstock","10":"shipping-taxable","11":"purchasable","12":"product-type-simple"},"_links":{"self":[{"href":"https:\/\/tilefly.com\/fr\/wp-json\/wp\/v2\/product\/538244","targetHints":{"allow":["GET"]}}],"collection":[{"href":"https:\/\/tilefly.com\/fr\/wp-json\/wp\/v2\/product"}],"about":[{"href":"https:\/\/tilefly.com\/fr\/wp-json\/wp\/v2\/types\/product"}],"replies":[{"embeddable":true,"href":"https:\/\/tilefly.com\/fr\/wp-json\/wp\/v2\/comments?post=538244"}],"wp:featuredmedia":[{"embeddable":true,"href":"https:\/\/tilefly.com\/fr\/wp-json\/wp\/v2\/media\/538245"}],"wp:attachment":[{"href":"https:\/\/tilefly.com\/fr\/wp-json\/wp\/v2\/media?parent=538244"}],"wp:term":[{"taxonomy":"product_brand","embeddable":true,"href":"https:\/\/tilefly.com\/fr\/wp-json\/wp\/v2\/product_brand?post=538244"},{"taxonomy":"product_cat","embeddable":true,"href":"https:\/\/tilefly.com\/fr\/wp-json\/wp\/v2\/product_cat?post=538244"},{"taxonomy":"product_tag","embeddable":true,"href":"https:\/\/tilefly.com\/fr\/wp-json\/wp\/v2\/product_tag?post=538244"}],"curies":[{"name":"wp","href":"https:\/\/api.w.org\/{rel}","templated":true}]}}