{"id":538216,"date":"2020-10-12T22:17:07","date_gmt":"2024-08-27T19:44:30","guid":{"rendered":"https:\/\/tilefly.com\/producto\/windsor-lf-grey-mt-25x50\/"},"modified":"2024-08-27T21:44:30","modified_gmt":"2024-08-27T19:44:30","slug":"windsor-lf-grey-mt-25x50","status":"publish","type":"product","link":"https:\/\/tilefly.com\/fr\/produit\/windsor-lf-grey-mt-25x50\/","title":{"rendered":"WINDSOR LF GREY MT 25X50"},"content":{"rendered":"<p>Cette tuile en p\u00e2te rouge de la s\u00e9rie Windsor Lf est une tuile \u00e9conomique id\u00e9ale pour les zones non humides, avec une texture imitant la pierre et une finition mate au format 25X50 centim\u00e8tres.<\/p>","protected":false},"excerpt":{"rendered":"<p>Cette tuile en p\u00e2te rouge de la s\u00e9rie Windsor Lf est une tuile \u00e9conomique id\u00e9ale pour les zones non humides, avec une texture imitant la pierre et une finition mate au format 25X50 centim\u00e8tres.<\/p>\n","protected":false},"featured_media":538217,"comment_status":"open","ping_status":"closed","template":"","meta":[],"product_brand":[],"product_cat":[356],"product_tag":[],"class_list":{"0":"post-538216","1":"product","2":"type-product","3":"status-publish","4":"has-post-thumbnail","6":"product_cat-faiences","8":"first","9":"outofstock","10":"shipping-taxable","11":"purchasable","12":"product-type-simple"},"_links":{"self":[{"href":"https:\/\/tilefly.com\/fr\/wp-json\/wp\/v2\/product\/538216","targetHints":{"allow":["GET"]}}],"collection":[{"href":"https:\/\/tilefly.com\/fr\/wp-json\/wp\/v2\/product"}],"about":[{"href":"https:\/\/tilefly.com\/fr\/wp-json\/wp\/v2\/types\/product"}],"replies":[{"embeddable":true,"href":"https:\/\/tilefly.com\/fr\/wp-json\/wp\/v2\/comments?post=538216"}],"wp:featuredmedia":[{"embeddable":true,"href":"https:\/\/tilefly.com\/fr\/wp-json\/wp\/v2\/media\/538217"}],"wp:attachment":[{"href":"https:\/\/tilefly.com\/fr\/wp-json\/wp\/v2\/media?parent=538216"}],"wp:term":[{"taxonomy":"product_brand","embeddable":true,"href":"https:\/\/tilefly.com\/fr\/wp-json\/wp\/v2\/product_brand?post=538216"},{"taxonomy":"product_cat","embeddable":true,"href":"https:\/\/tilefly.com\/fr\/wp-json\/wp\/v2\/product_cat?post=538216"},{"taxonomy":"product_tag","embeddable":true,"href":"https:\/\/tilefly.com\/fr\/wp-json\/wp\/v2\/product_tag?post=538216"}],"curies":[{"name":"wp","href":"https:\/\/api.w.org\/{rel}","templated":true}]}}