{"id":538084,"date":"2020-10-12T21:53:54","date_gmt":"2024-08-27T19:42:57","guid":{"rendered":"https:\/\/tilefly.com\/producto\/nervion-ocre-mt-25x50\/"},"modified":"2024-08-27T21:42:57","modified_gmt":"2024-08-27T19:42:57","slug":"nervion-ocre-mt-25x50","status":"publish","type":"product","link":"https:\/\/tilefly.com\/fr\/produit\/nervion-ocre-mt-25x50\/","title":{"rendered":"NERVION OCRE MT 25X50"},"content":{"rendered":"<p>Cette tuile en p\u00e2te rouge de la s\u00e9rie Nervion est une tuile \u00e9conomique id\u00e9ale pour les zones non humides, avec une texture imitant la pierre et une finition mate au format 25X50 centim\u00e8tres.<\/p>","protected":false},"excerpt":{"rendered":"<p>Cette tuile en p\u00e2te rouge de la s\u00e9rie Nervion est une tuile \u00e9conomique id\u00e9ale pour les zones non humides, avec une texture imitant la pierre et une finition mate au format 25X50 centim\u00e8tres.<\/p>\n","protected":false},"featured_media":538085,"comment_status":"open","ping_status":"closed","template":"","meta":[],"product_brand":[],"product_cat":[356],"product_tag":[],"class_list":{"0":"post-538084","1":"product","2":"type-product","3":"status-publish","4":"has-post-thumbnail","6":"product_cat-faiences","8":"first","9":"outofstock","10":"shipping-taxable","11":"purchasable","12":"product-type-simple"},"_links":{"self":[{"href":"https:\/\/tilefly.com\/fr\/wp-json\/wp\/v2\/product\/538084","targetHints":{"allow":["GET"]}}],"collection":[{"href":"https:\/\/tilefly.com\/fr\/wp-json\/wp\/v2\/product"}],"about":[{"href":"https:\/\/tilefly.com\/fr\/wp-json\/wp\/v2\/types\/product"}],"replies":[{"embeddable":true,"href":"https:\/\/tilefly.com\/fr\/wp-json\/wp\/v2\/comments?post=538084"}],"wp:featuredmedia":[{"embeddable":true,"href":"https:\/\/tilefly.com\/fr\/wp-json\/wp\/v2\/media\/538085"}],"wp:attachment":[{"href":"https:\/\/tilefly.com\/fr\/wp-json\/wp\/v2\/media?parent=538084"}],"wp:term":[{"taxonomy":"product_brand","embeddable":true,"href":"https:\/\/tilefly.com\/fr\/wp-json\/wp\/v2\/product_brand?post=538084"},{"taxonomy":"product_cat","embeddable":true,"href":"https:\/\/tilefly.com\/fr\/wp-json\/wp\/v2\/product_cat?post=538084"},{"taxonomy":"product_tag","embeddable":true,"href":"https:\/\/tilefly.com\/fr\/wp-json\/wp\/v2\/product_tag?post=538084"}],"curies":[{"name":"wp","href":"https:\/\/api.w.org\/{rel}","templated":true}]}}