{"id":538038,"date":"2020-10-19T07:47:28","date_gmt":"2020-10-19T05:47:28","guid":{"rendered":"https:\/\/tilefly.com\/producto\/shine-15x15\/"},"modified":"2024-08-27T21:42:25","modified_gmt":"2024-08-27T19:42:25","slug":"shine-15x15","status":"publish","type":"product","link":"https:\/\/tilefly.com\/fr\/produit\/shine-15x15\/","title":{"rendered":"SHINE 15X15"},"content":{"rendered":"<h1><strong>P\u00e2te blanche Carreaux SHINE 15X15<\/strong><\/h1><p>Ce carreau Pasta Blanca au format cm, finition Gloss et couleur est parfait pour votre int\u00e9rieur.<br \/>Son mat\u00e9riau de fabrication est le Pasta Blanca. <\/p><p>Particularit\u00e9s : D\u00e9cor\u00e9<\/p>","protected":false},"excerpt":{"rendered":"<p>P\u00e2te blanche Carreaux SHINE 15X15Ce carreau Pasta Blanca au format cm, finition Gloss et couleur est parfait pour votre int\u00e9rieur.Son mat\u00e9riau de fabrication est le Pasta Blanca. Particularit\u00e9s : D\u00e9cor\u00e9<\/p>\n","protected":false},"featured_media":578041,"comment_status":"open","ping_status":"closed","template":"","meta":[],"product_brand":[],"product_cat":[355,356,354],"product_tag":[],"class_list":{"0":"post-538038","1":"product","2":"type-product","3":"status-publish","4":"has-post-thumbnail","6":"product_cat-cuisines","7":"product_cat-faiences","8":"product_cat-carrelage-salle-de-bain","10":"first","11":"instock","12":"shipping-taxable","13":"purchasable","14":"product-type-simple"},"_links":{"self":[{"href":"https:\/\/tilefly.com\/fr\/wp-json\/wp\/v2\/product\/538038","targetHints":{"allow":["GET"]}}],"collection":[{"href":"https:\/\/tilefly.com\/fr\/wp-json\/wp\/v2\/product"}],"about":[{"href":"https:\/\/tilefly.com\/fr\/wp-json\/wp\/v2\/types\/product"}],"replies":[{"embeddable":true,"href":"https:\/\/tilefly.com\/fr\/wp-json\/wp\/v2\/comments?post=538038"}],"wp:featuredmedia":[{"embeddable":true,"href":"https:\/\/tilefly.com\/fr\/wp-json\/wp\/v2\/media\/578041"}],"wp:attachment":[{"href":"https:\/\/tilefly.com\/fr\/wp-json\/wp\/v2\/media?parent=538038"}],"wp:term":[{"taxonomy":"product_brand","embeddable":true,"href":"https:\/\/tilefly.com\/fr\/wp-json\/wp\/v2\/product_brand?post=538038"},{"taxonomy":"product_cat","embeddable":true,"href":"https:\/\/tilefly.com\/fr\/wp-json\/wp\/v2\/product_cat?post=538038"},{"taxonomy":"product_tag","embeddable":true,"href":"https:\/\/tilefly.com\/fr\/wp-json\/wp\/v2\/product_tag?post=538038"}],"curies":[{"name":"wp","href":"https:\/\/api.w.org\/{rel}","templated":true}]}}