{"id":538027,"date":"2020-10-16T07:46:07","date_gmt":"2020-10-16T05:46:07","guid":{"rendered":"https:\/\/tilefly.com\/producto\/lucciola-hueso-15x15\/"},"modified":"2024-08-27T21:42:17","modified_gmt":"2024-08-27T19:42:17","slug":"lucciola-hueso-15x15","status":"publish","type":"product","link":"https:\/\/tilefly.com\/fr\/produit\/lucciola-hueso-15x15\/","title":{"rendered":"LUCCIOLA HUESO 15X15"},"content":{"rendered":"<p>Carrelage beige gaufr\u00e9, de format 15\u00d715 cm et de finition brillante, avec des variations de couleurs lisses.<br \/>Il se compose de quatre reliefs diff\u00e9rents qui sont servis m\u00e9lang\u00e9s de mani\u00e8re al\u00e9atoire.<br \/>LUCCIOLA est une d\u00e9coration de la s\u00e9rie TARANTELA, un ensemble de quatre reliefs qui reproduisent les figures classiques des carreaux hydrauliques.<br \/>Ils peuvent \u00eatre utilis\u00e9s sur de grandes surfaces ou mettre en valeur une zone sp\u00e9cifique, en se combinant avec les carreaux unis de la m\u00eame couleur.<br \/>Disponibles en quatre couleurs fra\u00eeches et lumineuses : les d\u00e9licates BONE et VANILLA apportent de la clart\u00e9 et les MINT ou BLUE la fra\u00eecheur de la nature. Le carreau de petit format est une option id\u00e9ale pour apporter une touche chaleureuse et accueillante \u00e0 n&#8217;importe quelle pi\u00e8ce.<br \/>Osez combiner les diff\u00e9rentes couleurs et jouer avec leur forme ! murs int\u00e9rieurs     <\/p>","protected":false},"excerpt":{"rendered":"<p>Carrelage beige gaufr\u00e9, de format 15\u00d715 cm et de finition brillante, avec des variations de couleurs lisses.Il se compose de quatre reliefs diff\u00e9rents qui sont servis m\u00e9lang\u00e9s de mani\u00e8re al\u00e9atoire.LUCCIOLA est une d\u00e9coration de la s\u00e9rie TARANTELA, un ensemble de quatre reliefs qui reproduisent les figures classiques des carreaux hydrauliques.Ils peuvent \u00eatre utilis\u00e9s sur de [&hellip;]<\/p>\n","protected":false},"featured_media":577692,"comment_status":"open","ping_status":"closed","template":"","meta":[],"product_brand":[],"product_cat":[355,356,354],"product_tag":[],"class_list":{"0":"post-538027","1":"product","2":"type-product","3":"status-publish","4":"has-post-thumbnail","6":"product_cat-cuisines","7":"product_cat-faiences","8":"product_cat-carrelage-salle-de-bain","10":"first","11":"instock","12":"shipping-taxable","13":"purchasable","14":"product-type-simple"},"_links":{"self":[{"href":"https:\/\/tilefly.com\/fr\/wp-json\/wp\/v2\/product\/538027","targetHints":{"allow":["GET"]}}],"collection":[{"href":"https:\/\/tilefly.com\/fr\/wp-json\/wp\/v2\/product"}],"about":[{"href":"https:\/\/tilefly.com\/fr\/wp-json\/wp\/v2\/types\/product"}],"replies":[{"embeddable":true,"href":"https:\/\/tilefly.com\/fr\/wp-json\/wp\/v2\/comments?post=538027"}],"wp:featuredmedia":[{"embeddable":true,"href":"https:\/\/tilefly.com\/fr\/wp-json\/wp\/v2\/media\/577692"}],"wp:attachment":[{"href":"https:\/\/tilefly.com\/fr\/wp-json\/wp\/v2\/media?parent=538027"}],"wp:term":[{"taxonomy":"product_brand","embeddable":true,"href":"https:\/\/tilefly.com\/fr\/wp-json\/wp\/v2\/product_brand?post=538027"},{"taxonomy":"product_cat","embeddable":true,"href":"https:\/\/tilefly.com\/fr\/wp-json\/wp\/v2\/product_cat?post=538027"},{"taxonomy":"product_tag","embeddable":true,"href":"https:\/\/tilefly.com\/fr\/wp-json\/wp\/v2\/product_tag?post=538027"}],"curies":[{"name":"wp","href":"https:\/\/api.w.org\/{rel}","templated":true}]}}