{"id":537939,"date":"2021-07-22T17:39:19","date_gmt":"2024-08-27T19:38:54","guid":{"rendered":"https:\/\/tilefly.com\/producto\/chicago-ocean-147x147\/"},"modified":"2024-08-27T21:38:54","modified_gmt":"2024-08-27T19:38:54","slug":"chicago-ocean-147x147","status":"publish","type":"product","link":"https:\/\/tilefly.com\/fr\/produit\/chicago-ocean-147x147\/","title":{"rendered":"CHICAGO OCEAN 14,7X14,7"},"content":{"rendered":"<p>Carrelage en gr\u00e8s c\u00e9rame d&#8217;inspiration urbaine, format 14,7\u00d714,7cm, dans des tons blancs modernes avec un total de 9 pi\u00e8ces aux tonalit\u00e9s fortes.<br \/>Une nouvelle s\u00e9rie d&#8217;inspiration moderne et urbaine avec une force chromatique intense.  La d\u00e9-tonalit\u00e9 entre les pi\u00e8ces est la cl\u00e9 pour devenir une s\u00e9rie hautement d\u00e9corative.<br \/>La palette de couleurs de CHICAGO est con\u00e7ue pour \u00eatre combin\u00e9e entre elles, tant au sol qu&#8217;au mur, afin de cr\u00e9er des mosa\u00efques uniques et inspirantes.<br \/>Les d\u00e9cors TERRAZO, BOTANIC WARM et BOTANIC COLD compl\u00e8tent la s\u00e9rie en jouant avec les couleurs de la collection.<br \/>Osez combiner les diff\u00e9rents formats et couleurs de la s\u00e9rie ! <a href=\"https:\/\/tilefly.com\/fr\/faience\/\">Sol et<\/a><a href=\"https:\/\/tilefly.com\/baldosas\/\">murPorcelaine<\/a> Int\u00e9rieur et ext\u00e9rieur R\u00e9sistant et facile \u00e0 entretenir   <\/p>","protected":false},"excerpt":{"rendered":"<p>Carrelage en gr\u00e8s c\u00e9rame d&#8217;inspiration urbaine, format 14,7\u00d714,7cm, dans des tons blancs modernes avec un total de 9 pi\u00e8ces aux tonalit\u00e9s fortes.Une nouvelle s\u00e9rie d&#8217;inspiration moderne et urbaine avec une force chromatique intense. La d\u00e9-tonalit\u00e9 entre les pi\u00e8ces est la cl\u00e9 pour devenir une s\u00e9rie hautement d\u00e9corative.La palette de couleurs de CHICAGO est con\u00e7ue pour [&hellip;]<\/p>\n","protected":false},"featured_media":503146,"comment_status":"open","ping_status":"closed","template":"","meta":[],"product_brand":[],"product_cat":[353,355,356,354,357],"product_tag":[],"class_list":{"0":"post-537939","1":"product","2":"type-product","3":"status-publish","4":"has-post-thumbnail","6":"product_cat-carrelage","7":"product_cat-cuisines","8":"product_cat-faiences","9":"product_cat-carrelage-salle-de-bain","10":"product_cat-carrelage-salon","12":"first","13":"instock","14":"shipping-taxable","15":"purchasable","16":"product-type-simple"},"_links":{"self":[{"href":"https:\/\/tilefly.com\/fr\/wp-json\/wp\/v2\/product\/537939","targetHints":{"allow":["GET"]}}],"collection":[{"href":"https:\/\/tilefly.com\/fr\/wp-json\/wp\/v2\/product"}],"about":[{"href":"https:\/\/tilefly.com\/fr\/wp-json\/wp\/v2\/types\/product"}],"replies":[{"embeddable":true,"href":"https:\/\/tilefly.com\/fr\/wp-json\/wp\/v2\/comments?post=537939"}],"wp:featuredmedia":[{"embeddable":true,"href":"https:\/\/tilefly.com\/fr\/wp-json\/wp\/v2\/media\/503146"}],"wp:attachment":[{"href":"https:\/\/tilefly.com\/fr\/wp-json\/wp\/v2\/media?parent=537939"}],"wp:term":[{"taxonomy":"product_brand","embeddable":true,"href":"https:\/\/tilefly.com\/fr\/wp-json\/wp\/v2\/product_brand?post=537939"},{"taxonomy":"product_cat","embeddable":true,"href":"https:\/\/tilefly.com\/fr\/wp-json\/wp\/v2\/product_cat?post=537939"},{"taxonomy":"product_tag","embeddable":true,"href":"https:\/\/tilefly.com\/fr\/wp-json\/wp\/v2\/product_tag?post=537939"}],"curies":[{"name":"wp","href":"https:\/\/api.w.org\/{rel}","templated":true}]}}