{"id":537886,"date":"2022-02-16T12:47:28","date_gmt":"2024-08-27T19:36:14","guid":{"rendered":"https:\/\/tilefly.com\/producto\/chicago-exa-ash-215x25\/"},"modified":"2024-08-27T21:36:14","modified_gmt":"2024-08-27T19:36:14","slug":"chicago-exa-ash-215x25","status":"publish","type":"product","link":"https:\/\/tilefly.com\/fr\/produit\/chicago-exa-ash-215x25\/","title":{"rendered":"CHICAGO EXA ASH 21,5X25"},"content":{"rendered":"<p>Carrelage en gr\u00e8s c\u00e9rame hexagonal d&#8217;inspiration urbaine, format 21,5x25cm, dans des tons gris modernes avec un total de 9 pi\u00e8ces aux tonalit\u00e9s fortes.<br \/>Les d\u00e9cors TERRAZO, BOTANIC WARM et BOTANIC COLD compl\u00e8tent la s\u00e9rie en jouant avec les couleurs de la collection. <\/p>","protected":false},"excerpt":{"rendered":"<p>Carrelage en gr\u00e8s c\u00e9rame hexagonal d&#8217;inspiration urbaine, format 21,5x25cm, dans des tons gris modernes avec un total de 9 pi\u00e8ces aux tonalit\u00e9s fortes.Les d\u00e9cors TERRAZO, BOTANIC WARM et BOTANIC COLD compl\u00e8tent la s\u00e9rie en jouant avec les couleurs de la collection.<\/p>\n","protected":false},"featured_media":514170,"comment_status":"closed","ping_status":"closed","template":"","meta":[],"product_brand":[],"product_cat":[353,355,356,354,357],"product_tag":[],"class_list":{"0":"post-537886","1":"product","2":"type-product","3":"status-publish","4":"has-post-thumbnail","6":"product_cat-carrelage","7":"product_cat-cuisines","8":"product_cat-faiences","9":"product_cat-carrelage-salle-de-bain","10":"product_cat-carrelage-salon","12":"first","13":"instock","14":"shipping-taxable","15":"purchasable","16":"product-type-simple"},"_links":{"self":[{"href":"https:\/\/tilefly.com\/fr\/wp-json\/wp\/v2\/product\/537886","targetHints":{"allow":["GET"]}}],"collection":[{"href":"https:\/\/tilefly.com\/fr\/wp-json\/wp\/v2\/product"}],"about":[{"href":"https:\/\/tilefly.com\/fr\/wp-json\/wp\/v2\/types\/product"}],"replies":[{"embeddable":true,"href":"https:\/\/tilefly.com\/fr\/wp-json\/wp\/v2\/comments?post=537886"}],"wp:featuredmedia":[{"embeddable":true,"href":"https:\/\/tilefly.com\/fr\/wp-json\/wp\/v2\/media\/514170"}],"wp:attachment":[{"href":"https:\/\/tilefly.com\/fr\/wp-json\/wp\/v2\/media?parent=537886"}],"wp:term":[{"taxonomy":"product_brand","embeddable":true,"href":"https:\/\/tilefly.com\/fr\/wp-json\/wp\/v2\/product_brand?post=537886"},{"taxonomy":"product_cat","embeddable":true,"href":"https:\/\/tilefly.com\/fr\/wp-json\/wp\/v2\/product_cat?post=537886"},{"taxonomy":"product_tag","embeddable":true,"href":"https:\/\/tilefly.com\/fr\/wp-json\/wp\/v2\/product_tag?post=537886"}],"curies":[{"name":"wp","href":"https:\/\/api.w.org\/{rel}","templated":true}]}}