{"id":537681,"date":"2020-10-16T07:46:07","date_gmt":"2024-08-27T19:32:12","guid":{"rendered":"https:\/\/tilefly.com\/producto\/foglio-di-rame-25x75\/"},"modified":"2024-08-27T21:32:12","modified_gmt":"2024-08-27T19:32:12","slug":"foglio-di-rame-25x75","status":"publish","type":"product","link":"https:\/\/tilefly.com\/fr\/produit\/foglio-di-rame-25x75\/","title":{"rendered":"FOGLIO DI RAME 25X75"},"content":{"rendered":"<p>Impressionnant verre avec feuilles de cuivre qui donnera \u00e0 tout environnement \u00e9l\u00e9gance et sobri\u00e9t\u00e9.<br \/>Il est id\u00e9al pour se combiner avec les blancs et les marbres.<br \/>Il existe \u00e9galement un lavabo en verre assorti.  <\/p>","protected":false},"excerpt":{"rendered":"<p>Impressionnant verre avec feuilles de cuivre qui donnera \u00e0 tout environnement \u00e9l\u00e9gance et sobri\u00e9t\u00e9.Il est id\u00e9al pour se combiner avec les blancs et les marbres.Il existe \u00e9galement un lavabo en verre assorti.<\/p>\n","protected":false},"featured_media":123812,"comment_status":"open","ping_status":"closed","template":"","meta":[],"product_brand":[],"product_cat":[355,356,354],"product_tag":[],"class_list":{"0":"post-537681","1":"product","2":"type-product","3":"status-publish","4":"has-post-thumbnail","6":"product_cat-cuisines","7":"product_cat-faiences","8":"product_cat-carrelage-salle-de-bain","10":"first","11":"instock","12":"shipping-taxable","13":"purchasable","14":"product-type-simple"},"_links":{"self":[{"href":"https:\/\/tilefly.com\/fr\/wp-json\/wp\/v2\/product\/537681","targetHints":{"allow":["GET"]}}],"collection":[{"href":"https:\/\/tilefly.com\/fr\/wp-json\/wp\/v2\/product"}],"about":[{"href":"https:\/\/tilefly.com\/fr\/wp-json\/wp\/v2\/types\/product"}],"replies":[{"embeddable":true,"href":"https:\/\/tilefly.com\/fr\/wp-json\/wp\/v2\/comments?post=537681"}],"wp:featuredmedia":[{"embeddable":true,"href":"https:\/\/tilefly.com\/fr\/wp-json\/wp\/v2\/media\/123812"}],"wp:attachment":[{"href":"https:\/\/tilefly.com\/fr\/wp-json\/wp\/v2\/media?parent=537681"}],"wp:term":[{"taxonomy":"product_brand","embeddable":true,"href":"https:\/\/tilefly.com\/fr\/wp-json\/wp\/v2\/product_brand?post=537681"},{"taxonomy":"product_cat","embeddable":true,"href":"https:\/\/tilefly.com\/fr\/wp-json\/wp\/v2\/product_cat?post=537681"},{"taxonomy":"product_tag","embeddable":true,"href":"https:\/\/tilefly.com\/fr\/wp-json\/wp\/v2\/product_tag?post=537681"}],"curies":[{"name":"wp","href":"https:\/\/api.w.org\/{rel}","templated":true}]}}