{"id":537671,"date":"2020-10-14T22:46:14","date_gmt":"2024-08-27T19:32:03","guid":{"rendered":"https:\/\/tilefly.com\/producto\/cosmopolitan-marfil-25x75\/"},"modified":"2024-08-27T21:32:03","modified_gmt":"2024-08-27T19:32:03","slug":"cosmopolitan-marfil-25x75","status":"publish","type":"product","link":"https:\/\/tilefly.com\/fr\/produit\/cosmopolitan-marfil-25x75\/","title":{"rendered":"COSMOPOLITAN MARFIL 25X75"},"content":{"rendered":"<p>Des marbrures \u00e9l\u00e9gantes qui peuvent \u00eatre combin\u00e9es avec une multitude de d\u00e9cors.<\/p>","protected":false},"excerpt":{"rendered":"<p>Des marbrures \u00e9l\u00e9gantes qui peuvent \u00eatre combin\u00e9es avec une multitude de d\u00e9cors.<\/p>\n","protected":false},"featured_media":537672,"comment_status":"open","ping_status":"closed","template":"","meta":[],"product_brand":[],"product_cat":[355,356,354],"product_tag":[],"class_list":{"0":"post-537671","1":"product","2":"type-product","3":"status-publish","4":"has-post-thumbnail","6":"product_cat-cuisines","7":"product_cat-faiences","8":"product_cat-carrelage-salle-de-bain","10":"first","11":"outofstock","12":"shipping-taxable","13":"purchasable","14":"product-type-simple"},"_links":{"self":[{"href":"https:\/\/tilefly.com\/fr\/wp-json\/wp\/v2\/product\/537671","targetHints":{"allow":["GET"]}}],"collection":[{"href":"https:\/\/tilefly.com\/fr\/wp-json\/wp\/v2\/product"}],"about":[{"href":"https:\/\/tilefly.com\/fr\/wp-json\/wp\/v2\/types\/product"}],"replies":[{"embeddable":true,"href":"https:\/\/tilefly.com\/fr\/wp-json\/wp\/v2\/comments?post=537671"}],"wp:featuredmedia":[{"embeddable":true,"href":"https:\/\/tilefly.com\/fr\/wp-json\/wp\/v2\/media\/537672"}],"wp:attachment":[{"href":"https:\/\/tilefly.com\/fr\/wp-json\/wp\/v2\/media?parent=537671"}],"wp:term":[{"taxonomy":"product_brand","embeddable":true,"href":"https:\/\/tilefly.com\/fr\/wp-json\/wp\/v2\/product_brand?post=537671"},{"taxonomy":"product_cat","embeddable":true,"href":"https:\/\/tilefly.com\/fr\/wp-json\/wp\/v2\/product_cat?post=537671"},{"taxonomy":"product_tag","embeddable":true,"href":"https:\/\/tilefly.com\/fr\/wp-json\/wp\/v2\/product_tag?post=537671"}],"curies":[{"name":"wp","href":"https:\/\/api.w.org\/{rel}","templated":true}]}}