{"id":537636,"date":"2024-08-19T13:22:51","date_gmt":"2024-08-19T11:22:51","guid":{"rendered":"https:\/\/tilefly.com\/producto\/talent-cemento-mt-100x100-rect\/"},"modified":"2024-08-27T21:30:58","modified_gmt":"2024-08-27T19:30:58","slug":"talent-cemento-mt-100x100-rect","status":"publish","type":"product","link":"https:\/\/tilefly.com\/fr\/produit\/talent-cemento-mt-100x100-rect\/","title":{"rendered":"TALENT CEMENTO MT 100X100 RECT."},"content":{"rendered":"<h1><strong>M.C. TALENT CEMENTO MT 100X100 RECT.(2 PZ ET 24 CJ)<\/strong><\/h1><p>  Ce carreau de la s\u00e9rie Talent au format 100X100 est un gr\u00e8s c\u00e9rame dans la masse de couleur grise en finition mate.<\/p>","protected":false},"excerpt":{"rendered":"<p>M.C. TALENT CEMENTO MT 100X100 RECT.(2 PZ ET 24 CJ) Ce carreau de la s\u00e9rie Talent au format 100X100 est un gr\u00e8s c\u00e9rame dans la masse de couleur grise en finition mate.<\/p>\n","protected":false},"featured_media":537302,"comment_status":"closed","ping_status":"closed","template":"","meta":[],"product_brand":[],"product_cat":[353,355,356,354,357],"product_tag":[],"class_list":{"0":"post-537636","1":"product","2":"type-product","3":"status-publish","4":"has-post-thumbnail","6":"product_cat-carrelage","7":"product_cat-cuisines","8":"product_cat-faiences","9":"product_cat-carrelage-salle-de-bain","10":"product_cat-carrelage-salon","12":"first","13":"instock","14":"shipping-taxable","15":"purchasable","16":"product-type-simple"},"_links":{"self":[{"href":"https:\/\/tilefly.com\/fr\/wp-json\/wp\/v2\/product\/537636","targetHints":{"allow":["GET"]}}],"collection":[{"href":"https:\/\/tilefly.com\/fr\/wp-json\/wp\/v2\/product"}],"about":[{"href":"https:\/\/tilefly.com\/fr\/wp-json\/wp\/v2\/types\/product"}],"replies":[{"embeddable":true,"href":"https:\/\/tilefly.com\/fr\/wp-json\/wp\/v2\/comments?post=537636"}],"wp:featuredmedia":[{"embeddable":true,"href":"https:\/\/tilefly.com\/fr\/wp-json\/wp\/v2\/media\/537302"}],"wp:attachment":[{"href":"https:\/\/tilefly.com\/fr\/wp-json\/wp\/v2\/media?parent=537636"}],"wp:term":[{"taxonomy":"product_brand","embeddable":true,"href":"https:\/\/tilefly.com\/fr\/wp-json\/wp\/v2\/product_brand?post=537636"},{"taxonomy":"product_cat","embeddable":true,"href":"https:\/\/tilefly.com\/fr\/wp-json\/wp\/v2\/product_cat?post=537636"},{"taxonomy":"product_tag","embeddable":true,"href":"https:\/\/tilefly.com\/fr\/wp-json\/wp\/v2\/product_tag?post=537636"}],"curies":[{"name":"wp","href":"https:\/\/api.w.org\/{rel}","templated":true}]}}