{"id":537624,"date":"2024-08-27T21:02:35","date_gmt":"2024-08-27T19:02:35","guid":{"rendered":"https:\/\/tilefly.com\/producto\/glamstone-grey-light-mt-333x90-rect\/"},"modified":"2024-08-27T21:30:10","modified_gmt":"2024-08-27T19:30:10","slug":"glamstone-grey-light-mt-333x90-rect","status":"publish","type":"product","link":"https:\/\/tilefly.com\/fr\/produit\/glamstone-grey-light-mt-333x90-rect\/","title":{"rendered":"GLAMSTONE GREY LIGHT MT 33,3X90 RECT"},"content":{"rendered":"<h1><strong>GLAMSTONE GREY LIGHT MT 33,3X90 RECT<\/strong><\/h1><p>La dalle GLAMSTONE GREY LIGHT au format 33,3&#215;90 est une \u00e9l\u00e9gante dalle \u00e0 p\u00e2te blanche avec une couleur grise sophistiqu\u00e9e en finition mate.<br \/>Son design rectifi\u00e9 permet une pose pr\u00e9cise sans joints visibles, ce qui en fait un choix parfait pour cr\u00e9er des espaces modernes et minimalistes.<br \/>Id\u00e9al pour les int\u00e9rieurs, ce carreau allie durabilit\u00e9 et esth\u00e9tique, apportant une touche contemporaine \u00e0 tout environnement.  <\/p>","protected":false},"excerpt":{"rendered":"<p>GLAMSTONE GREY LIGHT MT 33,3X90 RECTLa dalle GLAMSTONE GREY LIGHT au format 33,3&#215;90 est une \u00e9l\u00e9gante dalle \u00e0 p\u00e2te blanche avec une couleur grise sophistiqu\u00e9e en finition mate.Son design rectifi\u00e9 permet une pose pr\u00e9cise sans joints visibles, ce qui en fait un choix parfait pour cr\u00e9er des espaces modernes et minimalistes.Id\u00e9al pour les int\u00e9rieurs, ce [&hellip;]<\/p>\n","protected":false},"featured_media":537570,"comment_status":"open","ping_status":"closed","template":"","meta":[],"product_brand":[],"product_cat":[355,356,354],"product_tag":[],"class_list":{"0":"post-537624","1":"product","2":"type-product","3":"status-publish","4":"has-post-thumbnail","6":"product_cat-cuisines","7":"product_cat-faiences","8":"product_cat-carrelage-salle-de-bain","10":"first","11":"outofstock","12":"shipping-taxable","13":"purchasable","14":"product-type-simple"},"_links":{"self":[{"href":"https:\/\/tilefly.com\/fr\/wp-json\/wp\/v2\/product\/537624","targetHints":{"allow":["GET"]}}],"collection":[{"href":"https:\/\/tilefly.com\/fr\/wp-json\/wp\/v2\/product"}],"about":[{"href":"https:\/\/tilefly.com\/fr\/wp-json\/wp\/v2\/types\/product"}],"replies":[{"embeddable":true,"href":"https:\/\/tilefly.com\/fr\/wp-json\/wp\/v2\/comments?post=537624"}],"wp:featuredmedia":[{"embeddable":true,"href":"https:\/\/tilefly.com\/fr\/wp-json\/wp\/v2\/media\/537570"}],"wp:attachment":[{"href":"https:\/\/tilefly.com\/fr\/wp-json\/wp\/v2\/media?parent=537624"}],"wp:term":[{"taxonomy":"product_brand","embeddable":true,"href":"https:\/\/tilefly.com\/fr\/wp-json\/wp\/v2\/product_brand?post=537624"},{"taxonomy":"product_cat","embeddable":true,"href":"https:\/\/tilefly.com\/fr\/wp-json\/wp\/v2\/product_cat?post=537624"},{"taxonomy":"product_tag","embeddable":true,"href":"https:\/\/tilefly.com\/fr\/wp-json\/wp\/v2\/product_tag?post=537624"}],"curies":[{"name":"wp","href":"https:\/\/api.w.org\/{rel}","templated":true}]}}