{"id":537604,"date":"2024-08-27T20:58:51","date_gmt":"2024-08-27T18:58:51","guid":{"rendered":"https:\/\/tilefly.com\/producto\/glamstone-beige-mt-60x120-rect-inout\/"},"modified":"2024-08-27T21:29:46","modified_gmt":"2024-08-27T19:29:46","slug":"glamstone-beige-mt-60x120-rect-inout","status":"publish","type":"product","link":"https:\/\/tilefly.com\/fr\/produit\/glamstone-beige-mt-60x120-rect-inout\/","title":{"rendered":"GLAMSTONE BEIGE MT 60X120 RECT INOUT"},"content":{"rendered":"<h1><strong>GLAMSTONE BEIGE MT 60X120 RECT INOUT<\/strong><\/h1><p>Le carreau GLAMSTONE BEIGE en format 60&#215;120 est un \u00e9l\u00e9gant carreau en gr\u00e8s c\u00e9rame de couleur beige avec une finition mate.<br \/>Ce produit, rectifi\u00e9 pour un ajustement parfait, est id\u00e9al pour les int\u00e9rieurs et les ext\u00e9rieurs, offrant polyvalence et style dans n&#8217;importe quel espace.<br \/>Son design sophistiqu\u00e9 et sa durabilit\u00e9 en font le choix id\u00e9al pour ceux qui recherchent une touche moderne et accueillante dans leur d\u00e9coration.  <\/p>","protected":false},"excerpt":{"rendered":"<p>GLAMSTONE BEIGE MT 60X120 RECT INOUTLe carreau GLAMSTONE BEIGE en format 60&#215;120 est un \u00e9l\u00e9gant carreau en gr\u00e8s c\u00e9rame de couleur beige avec une finition mate.Ce produit, rectifi\u00e9 pour un ajustement parfait, est id\u00e9al pour les int\u00e9rieurs et les ext\u00e9rieurs, offrant polyvalence et style dans n&#8217;importe quel espace.Son design sophistiqu\u00e9 et sa durabilit\u00e9 en font [&hellip;]<\/p>\n","protected":false},"featured_media":537427,"comment_status":"open","ping_status":"closed","template":"","meta":[],"product_brand":[],"product_cat":[353,355,356,354],"product_tag":[],"class_list":{"0":"post-537604","1":"product","2":"type-product","3":"status-publish","4":"has-post-thumbnail","6":"product_cat-carrelage","7":"product_cat-cuisines","8":"product_cat-faiences","9":"product_cat-carrelage-salle-de-bain","11":"first","12":"outofstock","13":"shipping-taxable","14":"purchasable","15":"product-type-simple"},"_links":{"self":[{"href":"https:\/\/tilefly.com\/fr\/wp-json\/wp\/v2\/product\/537604","targetHints":{"allow":["GET"]}}],"collection":[{"href":"https:\/\/tilefly.com\/fr\/wp-json\/wp\/v2\/product"}],"about":[{"href":"https:\/\/tilefly.com\/fr\/wp-json\/wp\/v2\/types\/product"}],"replies":[{"embeddable":true,"href":"https:\/\/tilefly.com\/fr\/wp-json\/wp\/v2\/comments?post=537604"}],"wp:featuredmedia":[{"embeddable":true,"href":"https:\/\/tilefly.com\/fr\/wp-json\/wp\/v2\/media\/537427"}],"wp:attachment":[{"href":"https:\/\/tilefly.com\/fr\/wp-json\/wp\/v2\/media?parent=537604"}],"wp:term":[{"taxonomy":"product_brand","embeddable":true,"href":"https:\/\/tilefly.com\/fr\/wp-json\/wp\/v2\/product_brand?post=537604"},{"taxonomy":"product_cat","embeddable":true,"href":"https:\/\/tilefly.com\/fr\/wp-json\/wp\/v2\/product_cat?post=537604"},{"taxonomy":"product_tag","embeddable":true,"href":"https:\/\/tilefly.com\/fr\/wp-json\/wp\/v2\/product_tag?post=537604"}],"curies":[{"name":"wp","href":"https:\/\/api.w.org\/{rel}","templated":true}]}}