{"id":537598,"date":"2024-08-27T20:57:41","date_gmt":"2024-08-27T18:57:41","guid":{"rendered":"https:\/\/tilefly.com\/producto\/glamstone-white-mt-75x75-rect-inout\/"},"modified":"2024-08-27T21:29:40","modified_gmt":"2024-08-27T19:29:40","slug":"glamstone-white-mt-75x75-rect-inout","status":"publish","type":"product","link":"https:\/\/tilefly.com\/fr\/produit\/glamstone-white-mt-75x75-rect-inout\/","title":{"rendered":"GLAMSTONE WHITE MT 75X75 RECT INOUT"},"content":{"rendered":"<h1><strong>GLAMSTONE WHITE MT 75X75 RECT INOUT<\/strong><\/h1><p>Le carreau GLAMSTONE WHITE au format 75&#215;75 est un \u00e9l\u00e9gant carreau en gr\u00e8s c\u00e9rame blanc avec une finition mate qui ajoute une touche de sophistication \u00e0 n&#8217;importe quel espace.<br \/>Son design rectifi\u00e9 permet une installation pr\u00e9cise et minimaliste, id\u00e9ale pour les int\u00e9rieurs et les ext\u00e9rieurs.<br \/>Ce mat\u00e9riau de haute qualit\u00e9 est parfait pour cr\u00e9er des environnements modernes et lumineux, en garantissant la durabilit\u00e9 et la facilit\u00e9 d&#8217;entretien.  <\/p>","protected":false},"excerpt":{"rendered":"<p>GLAMSTONE WHITE MT 75X75 RECT INOUTLe carreau GLAMSTONE WHITE au format 75&#215;75 est un \u00e9l\u00e9gant carreau en gr\u00e8s c\u00e9rame blanc avec une finition mate qui ajoute une touche de sophistication \u00e0 n&#8217;importe quel espace.Son design rectifi\u00e9 permet une installation pr\u00e9cise et minimaliste, id\u00e9ale pour les int\u00e9rieurs et les ext\u00e9rieurs.Ce mat\u00e9riau de haute qualit\u00e9 est parfait [&hellip;]<\/p>\n","protected":false},"featured_media":537388,"comment_status":"open","ping_status":"closed","template":"","meta":[],"product_brand":[],"product_cat":[353,355,356,354],"product_tag":[],"class_list":{"0":"post-537598","1":"product","2":"type-product","3":"status-publish","4":"has-post-thumbnail","6":"product_cat-carrelage","7":"product_cat-cuisines","8":"product_cat-faiences","9":"product_cat-carrelage-salle-de-bain","11":"first","12":"instock","13":"shipping-taxable","14":"purchasable","15":"product-type-simple"},"_links":{"self":[{"href":"https:\/\/tilefly.com\/fr\/wp-json\/wp\/v2\/product\/537598","targetHints":{"allow":["GET"]}}],"collection":[{"href":"https:\/\/tilefly.com\/fr\/wp-json\/wp\/v2\/product"}],"about":[{"href":"https:\/\/tilefly.com\/fr\/wp-json\/wp\/v2\/types\/product"}],"replies":[{"embeddable":true,"href":"https:\/\/tilefly.com\/fr\/wp-json\/wp\/v2\/comments?post=537598"}],"wp:featuredmedia":[{"embeddable":true,"href":"https:\/\/tilefly.com\/fr\/wp-json\/wp\/v2\/media\/537388"}],"wp:attachment":[{"href":"https:\/\/tilefly.com\/fr\/wp-json\/wp\/v2\/media?parent=537598"}],"wp:term":[{"taxonomy":"product_brand","embeddable":true,"href":"https:\/\/tilefly.com\/fr\/wp-json\/wp\/v2\/product_brand?post=537598"},{"taxonomy":"product_cat","embeddable":true,"href":"https:\/\/tilefly.com\/fr\/wp-json\/wp\/v2\/product_cat?post=537598"},{"taxonomy":"product_tag","embeddable":true,"href":"https:\/\/tilefly.com\/fr\/wp-json\/wp\/v2\/product_tag?post=537598"}],"curies":[{"name":"wp","href":"https:\/\/api.w.org\/{rel}","templated":true}]}}