{"id":537159,"date":"2019-09-13T11:56:35","date_gmt":"2019-09-13T09:56:35","guid":{"rendered":"https:\/\/tilefly.com\/producto\/dorian-white-rect-30x60\/"},"modified":"2024-08-13T17:28:24","modified_gmt":"2024-08-13T15:28:24","slug":"dorian-white-rect-30x60","status":"publish","type":"product","link":"https:\/\/tilefly.com\/fr\/produit\/dorian-white-rect-30x60\/","title":{"rendered":"DORIAN WHITE RECT, 30X60"},"content":{"rendered":"<h1><strong>Carreaux en gr\u00e8s c\u00e9rame DORIAN WHITE RECT, 30X60<\/strong><\/h1><p>Ce Carreaux en Porcelaine au format 30X60 cm, de finition mate et de couleur blanche est parfait pour votre int\u00e9rieur.<br \/>Son mat\u00e9riau de fabrication est la gr\u00e8s c\u00e9rame. <\/p><p>Particularit\u00e9s : Effet m\u00e9tal, P\u00e2te color\u00e9e<\/p>","protected":false},"excerpt":{"rendered":"<p>Carreaux en gr\u00e8s c\u00e9rame DORIAN WHITE RECT, 30X60Ce Carreaux en Porcelaine au format 30X60 cm, de finition mate et de couleur blanche est parfait pour votre int\u00e9rieur.Son mat\u00e9riau de fabrication est la gr\u00e8s c\u00e9rame. Particularit\u00e9s : Effet m\u00e9tal, P\u00e2te color\u00e9e<\/p>\n","protected":false},"featured_media":60405,"comment_status":"closed","ping_status":"closed","template":"","meta":[],"product_brand":[],"product_cat":[353,355,356,354,357],"product_tag":[],"class_list":{"0":"post-537159","1":"product","2":"type-product","3":"status-publish","4":"has-post-thumbnail","6":"product_cat-carrelage","7":"product_cat-cuisines","8":"product_cat-faiences","9":"product_cat-carrelage-salle-de-bain","10":"product_cat-carrelage-salon","12":"first","13":"instock","14":"shipping-taxable","15":"purchasable","16":"product-type-simple"},"_links":{"self":[{"href":"https:\/\/tilefly.com\/fr\/wp-json\/wp\/v2\/product\/537159","targetHints":{"allow":["GET"]}}],"collection":[{"href":"https:\/\/tilefly.com\/fr\/wp-json\/wp\/v2\/product"}],"about":[{"href":"https:\/\/tilefly.com\/fr\/wp-json\/wp\/v2\/types\/product"}],"replies":[{"embeddable":true,"href":"https:\/\/tilefly.com\/fr\/wp-json\/wp\/v2\/comments?post=537159"}],"wp:featuredmedia":[{"embeddable":true,"href":"https:\/\/tilefly.com\/fr\/wp-json\/wp\/v2\/media\/60405"}],"wp:attachment":[{"href":"https:\/\/tilefly.com\/fr\/wp-json\/wp\/v2\/media?parent=537159"}],"wp:term":[{"taxonomy":"product_brand","embeddable":true,"href":"https:\/\/tilefly.com\/fr\/wp-json\/wp\/v2\/product_brand?post=537159"},{"taxonomy":"product_cat","embeddable":true,"href":"https:\/\/tilefly.com\/fr\/wp-json\/wp\/v2\/product_cat?post=537159"},{"taxonomy":"product_tag","embeddable":true,"href":"https:\/\/tilefly.com\/fr\/wp-json\/wp\/v2\/product_tag?post=537159"}],"curies":[{"name":"wp","href":"https:\/\/api.w.org\/{rel}","templated":true}]}}