{"id":537095,"date":"2021-01-29T17:39:32","date_gmt":"2024-08-13T15:20:41","guid":{"rendered":"https:\/\/tilefly.com\/producto\/zanquin-recto-dcha-koen-tabacco-matt-75x60\/"},"modified":"2024-08-13T17:20:41","modified_gmt":"2024-08-13T15:20:41","slug":"zanquin-recto-dcha-koen-tabacco-matt-75x60","status":"publish","type":"product","link":"https:\/\/tilefly.com\/fr\/produit\/zanquin-recto-dcha-koen-tabacco-matt-75x60\/","title":{"rendered":"ZANQUIN RECTO DCHA. KOEN TABACCO MATT 7,5X60"},"content":{"rendered":"<p>Imitation bois de la s\u00e9rie Koen, en gr\u00e8s c\u00e9rame tr\u00e8s r\u00e9sistant.<\/p>","protected":false},"excerpt":{"rendered":"<p>Imitation bois de la s\u00e9rie Koen, en gr\u00e8s c\u00e9rame tr\u00e8s r\u00e9sistant.<\/p>\n","protected":false},"featured_media":245516,"comment_status":"open","ping_status":"closed","template":"","meta":[],"product_brand":[],"product_cat":[353,355,356,354],"product_tag":[],"class_list":{"0":"post-537095","1":"product","2":"type-product","3":"status-publish","4":"has-post-thumbnail","6":"product_cat-carrelage","7":"product_cat-cuisines","8":"product_cat-faiences","9":"product_cat-carrelage-salle-de-bain","11":"first","12":"outofstock","13":"shipping-taxable","14":"purchasable","15":"product-type-simple"},"_links":{"self":[{"href":"https:\/\/tilefly.com\/fr\/wp-json\/wp\/v2\/product\/537095","targetHints":{"allow":["GET"]}}],"collection":[{"href":"https:\/\/tilefly.com\/fr\/wp-json\/wp\/v2\/product"}],"about":[{"href":"https:\/\/tilefly.com\/fr\/wp-json\/wp\/v2\/types\/product"}],"replies":[{"embeddable":true,"href":"https:\/\/tilefly.com\/fr\/wp-json\/wp\/v2\/comments?post=537095"}],"wp:featuredmedia":[{"embeddable":true,"href":"https:\/\/tilefly.com\/fr\/wp-json\/wp\/v2\/media\/245516"}],"wp:attachment":[{"href":"https:\/\/tilefly.com\/fr\/wp-json\/wp\/v2\/media?parent=537095"}],"wp:term":[{"taxonomy":"product_brand","embeddable":true,"href":"https:\/\/tilefly.com\/fr\/wp-json\/wp\/v2\/product_brand?post=537095"},{"taxonomy":"product_cat","embeddable":true,"href":"https:\/\/tilefly.com\/fr\/wp-json\/wp\/v2\/product_cat?post=537095"},{"taxonomy":"product_tag","embeddable":true,"href":"https:\/\/tilefly.com\/fr\/wp-json\/wp\/v2\/product_tag?post=537095"}],"curies":[{"name":"wp","href":"https:\/\/api.w.org\/{rel}","templated":true}]}}