{"id":537043,"date":"2020-10-19T07:47:28","date_gmt":"2024-08-13T15:16:57","guid":{"rendered":"https:\/\/tilefly.com\/producto\/silver-glass-15x60\/"},"modified":"2024-08-13T17:16:57","modified_gmt":"2024-08-13T15:16:57","slug":"silver-glass-15x60","status":"publish","type":"product","link":"https:\/\/tilefly.com\/fr\/produit\/silver-glass-15x60\/","title":{"rendered":"SILVER GLASS 15X60"},"content":{"rendered":"<p>Cette pi\u00e8ce en verre se distingue par ses lamin\u00e9s argent\u00e9s et cuivr\u00e9s qui se combinent avec une multitude de couleurs telles que le blanc, le noir et le marbr\u00e9.<br \/>Il existe un lavabo en verre assorti. <\/p>","protected":false},"excerpt":{"rendered":"<p>Cette pi\u00e8ce en verre se distingue par ses lamin\u00e9s argent\u00e9s et cuivr\u00e9s qui se combinent avec une multitude de couleurs telles que le blanc, le noir et le marbr\u00e9.Il existe un lavabo en verre assorti.<\/p>\n","protected":false},"featured_media":537044,"comment_status":"open","ping_status":"closed","template":"","meta":[],"product_brand":[],"product_cat":[355,356,354],"product_tag":[],"class_list":{"0":"post-537043","1":"product","2":"type-product","3":"status-publish","4":"has-post-thumbnail","6":"product_cat-cuisines","7":"product_cat-faiences","8":"product_cat-carrelage-salle-de-bain","10":"first","11":"outofstock","12":"shipping-taxable","13":"purchasable","14":"product-type-simple"},"_links":{"self":[{"href":"https:\/\/tilefly.com\/fr\/wp-json\/wp\/v2\/product\/537043","targetHints":{"allow":["GET"]}}],"collection":[{"href":"https:\/\/tilefly.com\/fr\/wp-json\/wp\/v2\/product"}],"about":[{"href":"https:\/\/tilefly.com\/fr\/wp-json\/wp\/v2\/types\/product"}],"replies":[{"embeddable":true,"href":"https:\/\/tilefly.com\/fr\/wp-json\/wp\/v2\/comments?post=537043"}],"wp:featuredmedia":[{"embeddable":true,"href":"https:\/\/tilefly.com\/fr\/wp-json\/wp\/v2\/media\/537044"}],"wp:attachment":[{"href":"https:\/\/tilefly.com\/fr\/wp-json\/wp\/v2\/media?parent=537043"}],"wp:term":[{"taxonomy":"product_brand","embeddable":true,"href":"https:\/\/tilefly.com\/fr\/wp-json\/wp\/v2\/product_brand?post=537043"},{"taxonomy":"product_cat","embeddable":true,"href":"https:\/\/tilefly.com\/fr\/wp-json\/wp\/v2\/product_cat?post=537043"},{"taxonomy":"product_tag","embeddable":true,"href":"https:\/\/tilefly.com\/fr\/wp-json\/wp\/v2\/product_tag?post=537043"}],"curies":[{"name":"wp","href":"https:\/\/api.w.org\/{rel}","templated":true}]}}