{"id":537032,"date":"2020-10-18T23:58:16","date_gmt":"2024-08-13T15:16:45","guid":{"rendered":"https:\/\/tilefly.com\/producto\/rodapie-selene-sky-rec-95x60\/"},"modified":"2024-08-13T17:16:45","modified_gmt":"2024-08-13T15:16:45","slug":"rodapie-selene-sky-rec-95x60","status":"publish","type":"product","link":"https:\/\/tilefly.com\/fr\/produit\/rodapie-selene-sky-rec-95x60\/","title":{"rendered":"RODAPIE SELENE SKY REC 9,5X60"},"content":{"rendered":"<h1><strong>RODAPIE SELENE SKY REC 9,5X60 Carreaux en p\u00e2te blanche<\/strong><\/h1><p>Ce carreau en p\u00e2te blanche au format cm, \u00e0 la finition satin\u00e9e et au coloris bleu est parfait pour votre int\u00e9rieur. Son mat\u00e9riau de fabrication est la p\u00e2te blanche.<\/p><p>Particularit\u00e9s : imitation de ciment<\/p>","protected":false},"excerpt":{"rendered":"<p>RODAPIE SELENE SKY REC 9,5X60 Carreaux en p\u00e2te blancheCe carreau en p\u00e2te blanche au format cm, \u00e0 la finition satin\u00e9e et au coloris bleu est parfait pour votre int\u00e9rieur. Son mat\u00e9riau de fabrication est la p\u00e2te blanche.Particularit\u00e9s : imitation de ciment<\/p>\n","protected":false},"featured_media":133644,"comment_status":"open","ping_status":"closed","template":"","meta":[],"product_brand":[],"product_cat":[355,356,354],"product_tag":[],"class_list":{"0":"post-537032","1":"product","2":"type-product","3":"status-publish","4":"has-post-thumbnail","6":"product_cat-cuisines","7":"product_cat-faiences","8":"product_cat-carrelage-salle-de-bain","10":"first","11":"outofstock","12":"shipping-taxable","13":"purchasable","14":"product-type-simple"},"_links":{"self":[{"href":"https:\/\/tilefly.com\/fr\/wp-json\/wp\/v2\/product\/537032","targetHints":{"allow":["GET"]}}],"collection":[{"href":"https:\/\/tilefly.com\/fr\/wp-json\/wp\/v2\/product"}],"about":[{"href":"https:\/\/tilefly.com\/fr\/wp-json\/wp\/v2\/types\/product"}],"replies":[{"embeddable":true,"href":"https:\/\/tilefly.com\/fr\/wp-json\/wp\/v2\/comments?post=537032"}],"wp:featuredmedia":[{"embeddable":true,"href":"https:\/\/tilefly.com\/fr\/wp-json\/wp\/v2\/product\/133644"}],"wp:attachment":[{"href":"https:\/\/tilefly.com\/fr\/wp-json\/wp\/v2\/media?parent=537032"}],"wp:term":[{"taxonomy":"product_brand","embeddable":true,"href":"https:\/\/tilefly.com\/fr\/wp-json\/wp\/v2\/product_brand?post=537032"},{"taxonomy":"product_cat","embeddable":true,"href":"https:\/\/tilefly.com\/fr\/wp-json\/wp\/v2\/product_cat?post=537032"},{"taxonomy":"product_tag","embeddable":true,"href":"https:\/\/tilefly.com\/fr\/wp-json\/wp\/v2\/product_tag?post=537032"}],"curies":[{"name":"wp","href":"https:\/\/api.w.org\/{rel}","templated":true}]}}